{"id":32859,"date":"2022-04-04T16:41:54","date_gmt":"2022-04-04T14:41:54","guid":{"rendered":"https:\/\/galiciagreenspainproperty.com\/propiedad-administrativa\/"},"modified":"2022-04-04T16:41:54","modified_gmt":"2022-04-04T14:41:54","slug":"propiedad-administrativa","status":"publish","type":"page","link":"https:\/\/galiciagreenspainproperty.com\/es\/servicios-de-propiedad\/propiedad-administrativa\/","title":{"rendered":"Propiedad administrativa"},"content":{"rendered":"","protected":false},"excerpt":{"rendered":"","protected":false},"author":1,"featured_media":0,"parent":32887,"menu_order":0,"comment_status":"closed","ping_status":"closed","template":"","meta":{"content-type":"","inline_featured_image":false,"footnotes":""},"class_list":["post-32859","page","type-page","status-publish","hentry"],"yoast_head":"<!-- This site is optimized with the Yoast SEO plugin v27.3 - https:\/\/yoast.com\/product\/yoast-seo-wordpress\/ -->\n<title>Servicio de propiedad administrativa Galicia y Espa\u00f1a Verde<\/title>\n<meta name=\"description\" content=\"Servicio de administraci\u00f3n de propiedades para Galicia y la Espa\u00f1a Verde por un hablante nativo de ingl\u00e9s biling\u00fce. Galicia &amp; Green Spain Property &amp; Relocation\" \/>\n<meta name=\"robots\" content=\"index, follow, max-snippet:-1, max-image-preview:large, max-video-preview:-1\" \/>\n<link rel=\"canonical\" href=\"https:\/\/galiciagreenspainproperty.com\/es\/servicios-de-propiedad\/propiedad-administrativa\/\" \/>\n<meta property=\"og:locale\" content=\"es_ES\" \/>\n<meta property=\"og:type\" content=\"article\" \/>\n<meta property=\"og:title\" content=\"Servicio de propiedad administrativa Galicia y Espa\u00f1a Verde\" \/>\n<meta property=\"og:description\" content=\"Servicio de administraci\u00f3n de propiedades para Galicia y la Espa\u00f1a Verde por un hablante nativo de ingl\u00e9s biling\u00fce. Galicia &amp; Green Spain Property &amp; Relocation\" \/>\n<meta property=\"og:url\" content=\"https:\/\/galiciagreenspainproperty.com\/es\/servicios-de-propiedad\/propiedad-administrativa\/\" \/>\n<meta property=\"og:site_name\" content=\"Galicia &amp; Green Spain Relocation &amp; Property Services\" \/>\n<meta name=\"twitter:card\" content=\"summary_large_image\" \/>\n<script type=\"application\/ld+json\" class=\"yoast-schema-graph\">{\"@context\":\"https:\\\/\\\/schema.org\",\"@graph\":[{\"@type\":\"WebPage\",\"@id\":\"https:\\\/\\\/galiciagreenspainproperty.com\\\/es\\\/servicios-de-propiedad\\\/propiedad-administrativa\\\/\",\"url\":\"https:\\\/\\\/galiciagreenspainproperty.com\\\/es\\\/servicios-de-propiedad\\\/propiedad-administrativa\\\/\",\"name\":\"Servicio de propiedad administrativa Galicia y Espa\u00f1a Verde\",\"isPartOf\":{\"@id\":\"https:\\\/\\\/galiciagreenspainproperty.com\\\/es\\\/#website\"},\"datePublished\":\"2022-04-04T14:41:54+00:00\",\"description\":\"Servicio de administraci\u00f3n de propiedades para Galicia y la Espa\u00f1a Verde por un hablante nativo de ingl\u00e9s biling\u00fce. Galicia & Green Spain Property & Relocation\",\"breadcrumb\":{\"@id\":\"https:\\\/\\\/galiciagreenspainproperty.com\\\/es\\\/servicios-de-propiedad\\\/propiedad-administrativa\\\/#breadcrumb\"},\"inLanguage\":\"es\",\"potentialAction\":[{\"@type\":\"ReadAction\",\"target\":[\"https:\\\/\\\/galiciagreenspainproperty.com\\\/es\\\/servicios-de-propiedad\\\/propiedad-administrativa\\\/\"]}]},{\"@type\":\"BreadcrumbList\",\"@id\":\"https:\\\/\\\/galiciagreenspainproperty.com\\\/es\\\/servicios-de-propiedad\\\/propiedad-administrativa\\\/#breadcrumb\",\"itemListElement\":[{\"@type\":\"ListItem\",\"position\":1,\"name\":\"Home\",\"item\":\"https:\\\/\\\/galiciagreenspainproperty.com\\\/es\\\/\"},{\"@type\":\"ListItem\",\"position\":2,\"name\":\"Servicios de propiedad\",\"item\":\"https:\\\/\\\/galiciagreenspainproperty.com\\\/es\\\/servicios-de-propiedad\\\/\"},{\"@type\":\"ListItem\",\"position\":3,\"name\":\"Propiedad administrativa\"}]},{\"@type\":\"WebSite\",\"@id\":\"https:\\\/\\\/galiciagreenspainproperty.com\\\/es\\\/#website\",\"url\":\"https:\\\/\\\/galiciagreenspainproperty.com\\\/es\\\/\",\"name\":\"Galicia &amp; Green Spain Relocation &amp; Property Services\",\"description\":\"Galicia &amp; Green Spain Relocation &amp; Property Services\",\"publisher\":{\"@id\":\"https:\\\/\\\/galiciagreenspainproperty.com\\\/es\\\/#organization\"},\"potentialAction\":[{\"@type\":\"SearchAction\",\"target\":{\"@type\":\"EntryPoint\",\"urlTemplate\":\"https:\\\/\\\/galiciagreenspainproperty.com\\\/es\\\/?s={search_term_string}\"},\"query-input\":{\"@type\":\"PropertyValueSpecification\",\"valueRequired\":true,\"valueName\":\"search_term_string\"}}],\"inLanguage\":\"es\"},{\"@type\":\"Organization\",\"@id\":\"https:\\\/\\\/galiciagreenspainproperty.com\\\/es\\\/#organization\",\"name\":\"Galicia Green Spain Property\",\"url\":\"https:\\\/\\\/galiciagreenspainproperty.com\\\/es\\\/\",\"logo\":{\"@type\":\"ImageObject\",\"inLanguage\":\"es\",\"@id\":\"https:\\\/\\\/galiciagreenspainproperty.com\\\/es\\\/#\\\/schema\\\/logo\\\/image\\\/\",\"url\":\"https:\\\/\\\/galiciagreenspainproperty.com\\\/wp-content\\\/uploads\\\/2022\\\/05\\\/gg-logo-white-background-150x132-1.jpg\",\"contentUrl\":\"https:\\\/\\\/galiciagreenspainproperty.com\\\/wp-content\\\/uploads\\\/2022\\\/05\\\/gg-logo-white-background-150x132-1.jpg\",\"width\":150,\"height\":132,\"caption\":\"Galicia Green Spain Property\"},\"image\":{\"@id\":\"https:\\\/\\\/galiciagreenspainproperty.com\\\/es\\\/#\\\/schema\\\/logo\\\/image\\\/\"}}]}<\/script>\n<!-- \/ Yoast SEO plugin. -->","yoast_head_json":{"title":"Servicio de propiedad administrativa Galicia y Espa\u00f1a Verde","description":"Servicio de administraci\u00f3n de propiedades para Galicia y la Espa\u00f1a Verde por un hablante nativo de ingl\u00e9s biling\u00fce. Galicia & Green Spain Property & Relocation","robots":{"index":"index","follow":"follow","max-snippet":"max-snippet:-1","max-image-preview":"max-image-preview:large","max-video-preview":"max-video-preview:-1"},"canonical":"https:\/\/galiciagreenspainproperty.com\/es\/servicios-de-propiedad\/propiedad-administrativa\/","og_locale":"es_ES","og_type":"article","og_title":"Servicio de propiedad administrativa Galicia y Espa\u00f1a Verde","og_description":"Servicio de administraci\u00f3n de propiedades para Galicia y la Espa\u00f1a Verde por un hablante nativo de ingl\u00e9s biling\u00fce. Galicia & Green Spain Property & Relocation","og_url":"https:\/\/galiciagreenspainproperty.com\/es\/servicios-de-propiedad\/propiedad-administrativa\/","og_site_name":"Galicia &amp; Green Spain Relocation &amp; Property Services","twitter_card":"summary_large_image","schema":{"@context":"https:\/\/schema.org","@graph":[{"@type":"WebPage","@id":"https:\/\/galiciagreenspainproperty.com\/es\/servicios-de-propiedad\/propiedad-administrativa\/","url":"https:\/\/galiciagreenspainproperty.com\/es\/servicios-de-propiedad\/propiedad-administrativa\/","name":"Servicio de propiedad administrativa Galicia y Espa\u00f1a Verde","isPartOf":{"@id":"https:\/\/galiciagreenspainproperty.com\/es\/#website"},"datePublished":"2022-04-04T14:41:54+00:00","description":"Servicio de administraci\u00f3n de propiedades para Galicia y la Espa\u00f1a Verde por un hablante nativo de ingl\u00e9s biling\u00fce. Galicia & Green Spain Property & Relocation","breadcrumb":{"@id":"https:\/\/galiciagreenspainproperty.com\/es\/servicios-de-propiedad\/propiedad-administrativa\/#breadcrumb"},"inLanguage":"es","potentialAction":[{"@type":"ReadAction","target":["https:\/\/galiciagreenspainproperty.com\/es\/servicios-de-propiedad\/propiedad-administrativa\/"]}]},{"@type":"BreadcrumbList","@id":"https:\/\/galiciagreenspainproperty.com\/es\/servicios-de-propiedad\/propiedad-administrativa\/#breadcrumb","itemListElement":[{"@type":"ListItem","position":1,"name":"Home","item":"https:\/\/galiciagreenspainproperty.com\/es\/"},{"@type":"ListItem","position":2,"name":"Servicios de propiedad","item":"https:\/\/galiciagreenspainproperty.com\/es\/servicios-de-propiedad\/"},{"@type":"ListItem","position":3,"name":"Propiedad administrativa"}]},{"@type":"WebSite","@id":"https:\/\/galiciagreenspainproperty.com\/es\/#website","url":"https:\/\/galiciagreenspainproperty.com\/es\/","name":"Galicia &amp; Green Spain Relocation &amp; Property Services","description":"Galicia &amp; Green Spain Relocation &amp; Property Services","publisher":{"@id":"https:\/\/galiciagreenspainproperty.com\/es\/#organization"},"potentialAction":[{"@type":"SearchAction","target":{"@type":"EntryPoint","urlTemplate":"https:\/\/galiciagreenspainproperty.com\/es\/?s={search_term_string}"},"query-input":{"@type":"PropertyValueSpecification","valueRequired":true,"valueName":"search_term_string"}}],"inLanguage":"es"},{"@type":"Organization","@id":"https:\/\/galiciagreenspainproperty.com\/es\/#organization","name":"Galicia Green Spain Property","url":"https:\/\/galiciagreenspainproperty.com\/es\/","logo":{"@type":"ImageObject","inLanguage":"es","@id":"https:\/\/galiciagreenspainproperty.com\/es\/#\/schema\/logo\/image\/","url":"https:\/\/galiciagreenspainproperty.com\/wp-content\/uploads\/2022\/05\/gg-logo-white-background-150x132-1.jpg","contentUrl":"https:\/\/galiciagreenspainproperty.com\/wp-content\/uploads\/2022\/05\/gg-logo-white-background-150x132-1.jpg","width":150,"height":132,"caption":"Galicia Green Spain Property"},"image":{"@id":"https:\/\/galiciagreenspainproperty.com\/es\/#\/schema\/logo\/image\/"}}]}},"pbg_featured_image_src":{"full":false,"thumbnail":false,"medium":false,"medium_large":false,"large":false,"1536x1536":false,"2048x2048":false,"post-thumbnail":false,"user_picture_profile":false,"agent_picture_thumb":false,"blog_thumb":false,"blog_unit":false,"slider_thumb":false,"property_featured_sidebar":false,"property_listings":false,"property_full":false,"listing_full_slider":false,"listing_full_slider_1":false,"property_featured":false,"property_full_map":false,"widget_thumb":false,"user_thumb":false,"custom_slider_thumb":false,"post_thumbnail_size":false},"pbg_author_info":{"display_name":"bodaiz","author_link":"https:\/\/galiciagreenspainproperty.com\/es\/author\/bodaiz\/","author_img":false},"pbg_comment_info":" No Comments","pbg_excerpt":null,"_links":{"self":[{"href":"https:\/\/galiciagreenspainproperty.com\/es\/wp-json\/wp\/v2\/pages\/32859","targetHints":{"allow":["GET"]}}],"collection":[{"href":"https:\/\/galiciagreenspainproperty.com\/es\/wp-json\/wp\/v2\/pages"}],"about":[{"href":"https:\/\/galiciagreenspainproperty.com\/es\/wp-json\/wp\/v2\/types\/page"}],"author":[{"embeddable":true,"href":"https:\/\/galiciagreenspainproperty.com\/es\/wp-json\/wp\/v2\/users\/1"}],"replies":[{"embeddable":true,"href":"https:\/\/galiciagreenspainproperty.com\/es\/wp-json\/wp\/v2\/comments?post=32859"}],"version-history":[{"count":0,"href":"https:\/\/galiciagreenspainproperty.com\/es\/wp-json\/wp\/v2\/pages\/32859\/revisions"}],"up":[{"embeddable":true,"href":"https:\/\/galiciagreenspainproperty.com\/es\/wp-json\/wp\/v2\/pages\/32887"}],"wp:attachment":[{"href":"https:\/\/galiciagreenspainproperty.com\/es\/wp-json\/wp\/v2\/media?parent=32859"}],"curies":[{"name":"wp","href":"https:\/\/api.w.org\/{rel}","templated":true}]}}