{"id":32860,"date":"2022-04-04T16:44:42","date_gmt":"2022-04-04T14:44:42","guid":{"rendered":"https:\/\/galiciagreenspainproperty.com\/puesta-en-escena-en-casa-virtual\/"},"modified":"2022-05-13T17:44:23","modified_gmt":"2022-05-13T15:44:23","slug":"puesta-en-escena-en-casa-virtual","status":"publish","type":"page","link":"https:\/\/galiciagreenspainproperty.com\/es\/servicios-de-propiedad\/puesta-en-escena-en-casa-virtual\/","title":{"rendered":"Puesta en escena en casa virtual"},"content":{"rendered":"\n<div class=\"wp-block-image\"><figure class=\"alignright size-full\"><a href=\"http:\/\/galiciagreenspainproperty.com\/wp-content\/uploads\/2022\/04\/image-22.png\"><img fetchpriority=\"high\" decoding=\"async\" width=\"267\" height=\"295\" src=\"http:\/\/galiciagreenspainproperty.com\/wp-content\/uploads\/2022\/04\/image-22.png\" alt=\"\" class=\"wp-image-30598\"\/><\/a><\/figure><\/div>\n\n<p>Virtual Home Staging es un servicio que ofrecemos a los Vendedores de inmuebles que necesitan reformas<\/p>\n\n<p>Las opciones exteriores e interiores est\u00e1n disponibles.<\/p>\n\n<p>Es una herramienta \u00fatil para los propietarios que deseen renovar o decorar sus propias propiedades como una herramienta de dise\u00f1o.<\/p>\n\n<p>Tambi\u00e9n puede ser \u00fatil para mostrar c\u00f3mo una propiedad se puede convertir en un negocio:<\/p>\n\n<figure class=\"wp-block-gallery aligncenter has-nested-images columns-default is-cropped wp-block-gallery-1 is-layout-flex wp-block-gallery-is-layout-flex\">\n<figure class=\"wp-block-image size-large\"><a href=\"http:\/\/galiciagreenspainproperty.com\/wp-content\/uploads\/2022\/04\/image-23.jpg\"><img decoding=\"async\" width=\"415\" height=\"277\" data-id=\"30601\" src=\"http:\/\/galiciagreenspainproperty.com\/wp-content\/uploads\/2022\/04\/image-23.jpg\" alt=\"\" class=\"wp-image-30601\" srcset=\"https:\/\/galiciagreenspainproperty.com\/wp-content\/uploads\/2022\/04\/image-23.jpg 415w, https:\/\/galiciagreenspainproperty.com\/wp-content\/uploads\/2022\/04\/image-23-300x200.jpg 300w, https:\/\/galiciagreenspainproperty.com\/wp-content\/uploads\/2022\/04\/image-23-105x70.jpg 105w\" sizes=\"(max-width: 415px) 100vw, 415px\" \/><\/a><figcaption>Antes<\/figcaption><\/figure>\n\n\n<figure class=\"wp-block-image size-large\"><a href=\"http:\/\/galiciagreenspainproperty.com\/wp-content\/uploads\/2022\/04\/image-23-1.jpg\"><img decoding=\"async\" width=\"520\" height=\"347\" data-id=\"30603\" src=\"http:\/\/galiciagreenspainproperty.com\/wp-content\/uploads\/2022\/04\/image-23-1.jpg\" alt=\"\" class=\"wp-image-30603\" srcset=\"https:\/\/galiciagreenspainproperty.com\/wp-content\/uploads\/2022\/04\/image-23-1.jpg 520w, https:\/\/galiciagreenspainproperty.com\/wp-content\/uploads\/2022\/04\/image-23-1-300x200.jpg 300w, https:\/\/galiciagreenspainproperty.com\/wp-content\/uploads\/2022\/04\/image-23-1-105x70.jpg 105w\" sizes=\"(max-width: 520px) 100vw, 520px\" \/><\/a><figcaption>Despu\u00e9s<\/figcaption><\/figure><\/figure>\n\n<p class=\"has-text-align-center\"> Los interiores se pueden tratar de la misma manera: Remodelaci\u00f3n de cocinas<\/p>\n\n<div class=\"wp-block-image\"><figure class=\"aligncenter size-full\"><a href=\"http:\/\/galiciagreenspainproperty.com\/wp-content\/uploads\/2022\/04\/image-23.png\"><img loading=\"lazy\" decoding=\"async\" width=\"533\" height=\"174\" src=\"http:\/\/galiciagreenspainproperty.com\/wp-content\/uploads\/2022\/04\/image-23.png\" alt=\"\" class=\"wp-image-30606\" srcset=\"https:\/\/galiciagreenspainproperty.com\/wp-content\/uploads\/2022\/04\/image-23.png 533w, https:\/\/galiciagreenspainproperty.com\/wp-content\/uploads\/2022\/04\/image-23-300x98.png 300w\" sizes=\"(max-width: 533px) 100vw, 533px\" \/><\/a><\/figure><\/div>\n\n<p class=\"has-text-align-center\">Interiorismo y Decoraci\u00f3n incluyendo mobiliario: Sala de estar<\/p>\n\n<div class=\"wp-block-image\"><figure class=\"aligncenter size-full\"><a href=\"http:\/\/galiciagreenspainproperty.com\/wp-content\/uploads\/2022\/04\/image-24.jpg\"><img loading=\"lazy\" decoding=\"async\" width=\"571\" height=\"269\" src=\"http:\/\/galiciagreenspainproperty.com\/wp-content\/uploads\/2022\/04\/image-24.jpg\" alt=\"\" class=\"wp-image-30608\" srcset=\"https:\/\/galiciagreenspainproperty.com\/wp-content\/uploads\/2022\/04\/image-24.jpg 571w, https:\/\/galiciagreenspainproperty.com\/wp-content\/uploads\/2022\/04\/image-24-300x141.jpg 300w\" sizes=\"(max-width: 571px) 100vw, 571px\" \/><\/a><\/figure><\/div>\n\n<p class=\"has-text-align-center\">Planos de planta: Disponible para una habitaci\u00f3n para toda la casa<\/p>\n\n<div class=\"wp-block-image\"><figure class=\"aligncenter size-full\"><a href=\"http:\/\/galiciagreenspainproperty.com\/wp-content\/uploads\/2022\/04\/image-24-1.jpg\"><img loading=\"lazy\" decoding=\"async\" width=\"663\" height=\"331\" src=\"http:\/\/galiciagreenspainproperty.com\/wp-content\/uploads\/2022\/04\/image-24-1.jpg\" alt=\"\" class=\"wp-image-30610\" srcset=\"https:\/\/galiciagreenspainproperty.com\/wp-content\/uploads\/2022\/04\/image-24-1.jpg 663w, https:\/\/galiciagreenspainproperty.com\/wp-content\/uploads\/2022\/04\/image-24-1-300x150.jpg 300w\" sizes=\"(max-width: 663px) 100vw, 663px\" \/><\/a><\/figure><\/div>\n\n<p class=\"has-text-align-center\">P\u00f3ngase en contacto con nosotros para obtener una lista de precios completa y detallada.<\/p>\n\n<div class=\"wp-block-contact-form-7-contact-form-selector\">\n<div class=\"wpcf7 no-js\" id=\"wpcf7-f30360-o1\" lang=\"en-GB\" dir=\"ltr\" data-wpcf7-id=\"30360\">\n<div class=\"screen-reader-response\"><p role=\"status\" aria-live=\"polite\" aria-atomic=\"true\"><\/p> <ul><\/ul><\/div>\n<form action=\"\/es\/wp-json\/wp\/v2\/pages\/32860#wpcf7-f30360-o1\" method=\"post\" class=\"wpcf7-form init\" aria-label=\"Contact form\" novalidate=\"novalidate\" data-status=\"init\">\n<fieldset class=\"hidden-fields-container\"><input type=\"hidden\" name=\"_wpcf7\" value=\"30360\" \/><input type=\"hidden\" name=\"_wpcf7_version\" value=\"6.1.5\" \/><input type=\"hidden\" name=\"_wpcf7_locale\" value=\"en_GB\" \/><input type=\"hidden\" name=\"_wpcf7_unit_tag\" value=\"wpcf7-f30360-o1\" \/><input type=\"hidden\" name=\"_wpcf7_container_post\" value=\"0\" \/><input type=\"hidden\" name=\"_wpcf7_posted_data_hash\" value=\"\" \/><input type=\"hidden\" name=\"_wpcf7_recaptcha_response\" value=\"\" \/>\n<\/fieldset>\n<div class=\"row\">\n\t<div class=\"col-md-6\">\n\t\t<p><label> Your full name<br \/>\n<span class=\"wpcf7-form-control-wrap\" data-name=\"your-name\"><input size=\"40\" maxlength=\"400\" class=\"wpcf7-form-control wpcf7-text wpcf7-validates-as-required\" aria-required=\"true\" aria-invalid=\"false\" value=\"\" type=\"text\" name=\"your-name\" \/><\/span> <\/label>\n\t\t<\/p>\n\t<\/div>\n\t<div class=\"col-md-6\">\n\t\t<p><label> Your email<br \/>\n<span class=\"wpcf7-form-control-wrap\" data-name=\"your-email\"><input size=\"40\" maxlength=\"400\" class=\"wpcf7-form-control wpcf7-email wpcf7-validates-as-required wpcf7-text wpcf7-validates-as-email\" aria-required=\"true\" aria-invalid=\"false\" value=\"\" type=\"email\" name=\"your-email\" \/><\/span> <\/label>\n\t\t<\/p>\n\t<\/div>\n<\/div>\n<div class=\"row\">\n\t<div class=\"col-md-6\">\n\t\t<p><label> Your telephone number<br \/>\n<span class=\"wpcf7-form-control-wrap\" data-name=\"your-tel\"><input size=\"40\" maxlength=\"400\" class=\"wpcf7-form-control wpcf7-tel wpcf7-validates-as-required wpcf7-text wpcf7-validates-as-tel\" aria-required=\"true\" aria-invalid=\"false\" value=\"\" type=\"tel\" name=\"your-tel\" \/><\/span> <\/label>\n\t\t<\/p>\n\t<\/div>\n\t<div class=\"col-md-6\">\n\t\t<p><label> The best time to call you<br \/>\n<span class=\"wpcf7-form-control-wrap\" data-name=\"call-time\"><select class=\"wpcf7-form-control wpcf7-select wpcf7-validates-as-required\" aria-required=\"true\" aria-invalid=\"false\" name=\"call-time\"><option value=\"Morning\">Morning<\/option><option value=\"Afternoon\">Afternoon<\/option><option value=\"Evening\">Evening<\/option><\/select><\/span> <\/label>\n\t\t<\/p>\n\t<\/div>\n<\/div>\n<div class=\"row\">\n\t<div class=\"col-md-12\">\n\t\t<p><span class=\"wpcf7-form-control-wrap\" data-name=\"gdpr-acceptance\"><span class=\"wpcf7-form-control wpcf7-acceptance\"><span class=\"wpcf7-list-item\"><label><input type=\"checkbox\" name=\"gdpr-acceptance\" value=\"1\" aria-invalid=\"false\" \/><span class=\"wpcf7-list-item-label\">I consent to the GDPR Terms<\/span><\/label><\/span><\/span><\/span>\n\t\t<\/p>\n\t\t<p><input class=\"wpcf7-form-control wpcf7-submit has-spinner\" type=\"submit\" value=\"Submit\" \/>\n\t\t<\/p>\n\t<\/div>\n<\/div><div class=\"wpcf7-response-output\" aria-hidden=\"true\"><\/div>\n<\/form>\n<\/div>\n<\/div>\n","protected":false},"excerpt":{"rendered":"<p>Virtual Home Staging es un servicio que ofrecemos a los Vendedores de inmuebles que necesitan reformas Las opciones exteriores e interiores est\u00e1n disponibles. Es una herramienta \u00fatil para los propietarios que deseen renovar o decorar sus propias propiedades como una herramienta de dise\u00f1o. Tambi\u00e9n puede ser \u00fatil para mostrar c\u00f3mo una propiedad se puede convertir en un negocio: Los interiores se pueden tratar de &#8230;<\/p>\n","protected":false},"author":1,"featured_media":0,"parent":32887,"menu_order":0,"comment_status":"closed","ping_status":"closed","template":"","meta":{"content-type":"","inline_featured_image":false,"footnotes":""},"class_list":["post-32860","page","type-page","status-publish","hentry"],"yoast_head":"<!-- This site is optimized with the Yoast SEO plugin v27.3 - https:\/\/yoast.com\/product\/yoast-seo-wordpress\/ -->\n<title>Puesta en escena en casa virtual - Galicia &amp; Green Spain Relocation &amp; Property Services<\/title>\n<meta name=\"description\" content=\"Servicio de home staging para Galicia y la Espa\u00f1a Verde\" \/>\n<meta name=\"robots\" content=\"index, follow, max-snippet:-1, max-image-preview:large, max-video-preview:-1\" \/>\n<link rel=\"canonical\" href=\"https:\/\/galiciagreenspainproperty.com\/es\/servicios-de-propiedad\/puesta-en-escena-en-casa-virtual\/\" \/>\n<meta property=\"og:locale\" content=\"es_ES\" \/>\n<meta property=\"og:type\" content=\"article\" \/>\n<meta property=\"og:title\" content=\"Puesta en escena en casa virtual - Galicia &amp; Green Spain Relocation &amp; Property Services\" \/>\n<meta property=\"og:description\" content=\"Servicio de home staging para Galicia y la Espa\u00f1a Verde\" \/>\n<meta property=\"og:url\" content=\"https:\/\/galiciagreenspainproperty.com\/es\/servicios-de-propiedad\/puesta-en-escena-en-casa-virtual\/\" \/>\n<meta property=\"og:site_name\" content=\"Galicia &amp; Green Spain Relocation &amp; Property Services\" \/>\n<meta property=\"article:modified_time\" content=\"2022-05-13T15:44:23+00:00\" \/>\n<meta property=\"og:image\" content=\"http:\/\/galiciagreenspainproperty.com\/wp-content\/uploads\/2022\/04\/image-22.png\" \/>\n<meta name=\"twitter:card\" content=\"summary_large_image\" \/>\n<meta name=\"twitter:label1\" content=\"Tiempo de lectura\" \/>\n\t<meta name=\"twitter:data1\" content=\"1 minuto\" \/>\n<script type=\"application\/ld+json\" class=\"yoast-schema-graph\">{\"@context\":\"https:\\\/\\\/schema.org\",\"@graph\":[{\"@type\":\"WebPage\",\"@id\":\"https:\\\/\\\/galiciagreenspainproperty.com\\\/es\\\/servicios-de-propiedad\\\/puesta-en-escena-en-casa-virtual\\\/\",\"url\":\"https:\\\/\\\/galiciagreenspainproperty.com\\\/es\\\/servicios-de-propiedad\\\/puesta-en-escena-en-casa-virtual\\\/\",\"name\":\"Puesta en escena en casa virtual - Galicia &amp; Green Spain Relocation &amp; Property Services\",\"isPartOf\":{\"@id\":\"https:\\\/\\\/galiciagreenspainproperty.com\\\/es\\\/#website\"},\"primaryImageOfPage\":{\"@id\":\"https:\\\/\\\/galiciagreenspainproperty.com\\\/es\\\/servicios-de-propiedad\\\/puesta-en-escena-en-casa-virtual\\\/#primaryimage\"},\"image\":{\"@id\":\"https:\\\/\\\/galiciagreenspainproperty.com\\\/es\\\/servicios-de-propiedad\\\/puesta-en-escena-en-casa-virtual\\\/#primaryimage\"},\"thumbnailUrl\":\"http:\\\/\\\/galiciagreenspainproperty.com\\\/wp-content\\\/uploads\\\/2022\\\/04\\\/image-22.png\",\"datePublished\":\"2022-04-04T14:44:42+00:00\",\"dateModified\":\"2022-05-13T15:44:23+00:00\",\"description\":\"Servicio de home staging para Galicia y la Espa\u00f1a Verde\",\"breadcrumb\":{\"@id\":\"https:\\\/\\\/galiciagreenspainproperty.com\\\/es\\\/servicios-de-propiedad\\\/puesta-en-escena-en-casa-virtual\\\/#breadcrumb\"},\"inLanguage\":\"es\",\"potentialAction\":[{\"@type\":\"ReadAction\",\"target\":[\"https:\\\/\\\/galiciagreenspainproperty.com\\\/es\\\/servicios-de-propiedad\\\/puesta-en-escena-en-casa-virtual\\\/\"]}]},{\"@type\":\"ImageObject\",\"inLanguage\":\"es\",\"@id\":\"https:\\\/\\\/galiciagreenspainproperty.com\\\/es\\\/servicios-de-propiedad\\\/puesta-en-escena-en-casa-virtual\\\/#primaryimage\",\"url\":\"http:\\\/\\\/galiciagreenspainproperty.com\\\/wp-content\\\/uploads\\\/2022\\\/04\\\/image-22.png\",\"contentUrl\":\"http:\\\/\\\/galiciagreenspainproperty.com\\\/wp-content\\\/uploads\\\/2022\\\/04\\\/image-22.png\"},{\"@type\":\"BreadcrumbList\",\"@id\":\"https:\\\/\\\/galiciagreenspainproperty.com\\\/es\\\/servicios-de-propiedad\\\/puesta-en-escena-en-casa-virtual\\\/#breadcrumb\",\"itemListElement\":[{\"@type\":\"ListItem\",\"position\":1,\"name\":\"Home\",\"item\":\"https:\\\/\\\/galiciagreenspainproperty.com\\\/es\\\/\"},{\"@type\":\"ListItem\",\"position\":2,\"name\":\"Servicios de propiedad\",\"item\":\"https:\\\/\\\/galiciagreenspainproperty.com\\\/es\\\/servicios-de-propiedad\\\/\"},{\"@type\":\"ListItem\",\"position\":3,\"name\":\"Puesta en escena en casa virtual\"}]},{\"@type\":\"WebSite\",\"@id\":\"https:\\\/\\\/galiciagreenspainproperty.com\\\/es\\\/#website\",\"url\":\"https:\\\/\\\/galiciagreenspainproperty.com\\\/es\\\/\",\"name\":\"Galicia &amp; Green Spain Relocation &amp; Property Services\",\"description\":\"Galicia &amp; Green Spain Relocation &amp; Property Services\",\"publisher\":{\"@id\":\"https:\\\/\\\/galiciagreenspainproperty.com\\\/es\\\/#organization\"},\"potentialAction\":[{\"@type\":\"SearchAction\",\"target\":{\"@type\":\"EntryPoint\",\"urlTemplate\":\"https:\\\/\\\/galiciagreenspainproperty.com\\\/es\\\/?s={search_term_string}\"},\"query-input\":{\"@type\":\"PropertyValueSpecification\",\"valueRequired\":true,\"valueName\":\"search_term_string\"}}],\"inLanguage\":\"es\"},{\"@type\":\"Organization\",\"@id\":\"https:\\\/\\\/galiciagreenspainproperty.com\\\/es\\\/#organization\",\"name\":\"Galicia Green Spain Property\",\"url\":\"https:\\\/\\\/galiciagreenspainproperty.com\\\/es\\\/\",\"logo\":{\"@type\":\"ImageObject\",\"inLanguage\":\"es\",\"@id\":\"https:\\\/\\\/galiciagreenspainproperty.com\\\/es\\\/#\\\/schema\\\/logo\\\/image\\\/\",\"url\":\"https:\\\/\\\/galiciagreenspainproperty.com\\\/wp-content\\\/uploads\\\/2022\\\/05\\\/gg-logo-white-background-150x132-1.jpg\",\"contentUrl\":\"https:\\\/\\\/galiciagreenspainproperty.com\\\/wp-content\\\/uploads\\\/2022\\\/05\\\/gg-logo-white-background-150x132-1.jpg\",\"width\":150,\"height\":132,\"caption\":\"Galicia Green Spain Property\"},\"image\":{\"@id\":\"https:\\\/\\\/galiciagreenspainproperty.com\\\/es\\\/#\\\/schema\\\/logo\\\/image\\\/\"}}]}<\/script>\n<!-- \/ Yoast SEO plugin. -->","yoast_head_json":{"title":"Puesta en escena en casa virtual - Galicia &amp; Green Spain Relocation &amp; Property Services","description":"Servicio de home staging para Galicia y la Espa\u00f1a Verde","robots":{"index":"index","follow":"follow","max-snippet":"max-snippet:-1","max-image-preview":"max-image-preview:large","max-video-preview":"max-video-preview:-1"},"canonical":"https:\/\/galiciagreenspainproperty.com\/es\/servicios-de-propiedad\/puesta-en-escena-en-casa-virtual\/","og_locale":"es_ES","og_type":"article","og_title":"Puesta en escena en casa virtual - Galicia &amp; Green Spain Relocation &amp; Property Services","og_description":"Servicio de home staging para Galicia y la Espa\u00f1a Verde","og_url":"https:\/\/galiciagreenspainproperty.com\/es\/servicios-de-propiedad\/puesta-en-escena-en-casa-virtual\/","og_site_name":"Galicia &amp; Green Spain Relocation &amp; Property Services","article_modified_time":"2022-05-13T15:44:23+00:00","og_image":[{"url":"http:\/\/galiciagreenspainproperty.com\/wp-content\/uploads\/2022\/04\/image-22.png","type":"","width":"","height":""}],"twitter_card":"summary_large_image","twitter_misc":{"Tiempo de lectura":"1 minuto"},"schema":{"@context":"https:\/\/schema.org","@graph":[{"@type":"WebPage","@id":"https:\/\/galiciagreenspainproperty.com\/es\/servicios-de-propiedad\/puesta-en-escena-en-casa-virtual\/","url":"https:\/\/galiciagreenspainproperty.com\/es\/servicios-de-propiedad\/puesta-en-escena-en-casa-virtual\/","name":"Puesta en escena en casa virtual - Galicia &amp; Green Spain Relocation &amp; Property Services","isPartOf":{"@id":"https:\/\/galiciagreenspainproperty.com\/es\/#website"},"primaryImageOfPage":{"@id":"https:\/\/galiciagreenspainproperty.com\/es\/servicios-de-propiedad\/puesta-en-escena-en-casa-virtual\/#primaryimage"},"image":{"@id":"https:\/\/galiciagreenspainproperty.com\/es\/servicios-de-propiedad\/puesta-en-escena-en-casa-virtual\/#primaryimage"},"thumbnailUrl":"http:\/\/galiciagreenspainproperty.com\/wp-content\/uploads\/2022\/04\/image-22.png","datePublished":"2022-04-04T14:44:42+00:00","dateModified":"2022-05-13T15:44:23+00:00","description":"Servicio de home staging para Galicia y la Espa\u00f1a Verde","breadcrumb":{"@id":"https:\/\/galiciagreenspainproperty.com\/es\/servicios-de-propiedad\/puesta-en-escena-en-casa-virtual\/#breadcrumb"},"inLanguage":"es","potentialAction":[{"@type":"ReadAction","target":["https:\/\/galiciagreenspainproperty.com\/es\/servicios-de-propiedad\/puesta-en-escena-en-casa-virtual\/"]}]},{"@type":"ImageObject","inLanguage":"es","@id":"https:\/\/galiciagreenspainproperty.com\/es\/servicios-de-propiedad\/puesta-en-escena-en-casa-virtual\/#primaryimage","url":"http:\/\/galiciagreenspainproperty.com\/wp-content\/uploads\/2022\/04\/image-22.png","contentUrl":"http:\/\/galiciagreenspainproperty.com\/wp-content\/uploads\/2022\/04\/image-22.png"},{"@type":"BreadcrumbList","@id":"https:\/\/galiciagreenspainproperty.com\/es\/servicios-de-propiedad\/puesta-en-escena-en-casa-virtual\/#breadcrumb","itemListElement":[{"@type":"ListItem","position":1,"name":"Home","item":"https:\/\/galiciagreenspainproperty.com\/es\/"},{"@type":"ListItem","position":2,"name":"Servicios de propiedad","item":"https:\/\/galiciagreenspainproperty.com\/es\/servicios-de-propiedad\/"},{"@type":"ListItem","position":3,"name":"Puesta en escena en casa virtual"}]},{"@type":"WebSite","@id":"https:\/\/galiciagreenspainproperty.com\/es\/#website","url":"https:\/\/galiciagreenspainproperty.com\/es\/","name":"Galicia &amp; Green Spain Relocation &amp; Property Services","description":"Galicia &amp; Green Spain Relocation &amp; Property Services","publisher":{"@id":"https:\/\/galiciagreenspainproperty.com\/es\/#organization"},"potentialAction":[{"@type":"SearchAction","target":{"@type":"EntryPoint","urlTemplate":"https:\/\/galiciagreenspainproperty.com\/es\/?s={search_term_string}"},"query-input":{"@type":"PropertyValueSpecification","valueRequired":true,"valueName":"search_term_string"}}],"inLanguage":"es"},{"@type":"Organization","@id":"https:\/\/galiciagreenspainproperty.com\/es\/#organization","name":"Galicia Green Spain Property","url":"https:\/\/galiciagreenspainproperty.com\/es\/","logo":{"@type":"ImageObject","inLanguage":"es","@id":"https:\/\/galiciagreenspainproperty.com\/es\/#\/schema\/logo\/image\/","url":"https:\/\/galiciagreenspainproperty.com\/wp-content\/uploads\/2022\/05\/gg-logo-white-background-150x132-1.jpg","contentUrl":"https:\/\/galiciagreenspainproperty.com\/wp-content\/uploads\/2022\/05\/gg-logo-white-background-150x132-1.jpg","width":150,"height":132,"caption":"Galicia Green Spain Property"},"image":{"@id":"https:\/\/galiciagreenspainproperty.com\/es\/#\/schema\/logo\/image\/"}}]}},"pbg_featured_image_src":{"full":false,"thumbnail":false,"medium":false,"medium_large":false,"large":false,"1536x1536":false,"2048x2048":false,"post-thumbnail":false,"user_picture_profile":false,"agent_picture_thumb":false,"blog_thumb":false,"blog_unit":false,"slider_thumb":false,"property_featured_sidebar":false,"property_listings":false,"property_full":false,"listing_full_slider":false,"listing_full_slider_1":false,"property_featured":false,"property_full_map":false,"widget_thumb":false,"user_thumb":false,"custom_slider_thumb":false,"post_thumbnail_size":false},"pbg_author_info":{"display_name":"bodaiz","author_link":"https:\/\/galiciagreenspainproperty.com\/es\/author\/bodaiz\/","author_img":false},"pbg_comment_info":" No Comments","pbg_excerpt":"Virtual Home Staging es un servicio que ofrecemos a los Vendedores de inmuebles que necesitan reformas Las opciones exteriores e interiores est\u00e1n disponibles. Es una herramienta \u00fatil para los propietarios que deseen renovar o decorar sus propias propiedades como una herramienta de dise\u00f1o. Tambi\u00e9n puede ser \u00fatil para mostrar c\u00f3mo una propiedad se puede convertir&hellip;","_links":{"self":[{"href":"https:\/\/galiciagreenspainproperty.com\/es\/wp-json\/wp\/v2\/pages\/32860","targetHints":{"allow":["GET"]}}],"collection":[{"href":"https:\/\/galiciagreenspainproperty.com\/es\/wp-json\/wp\/v2\/pages"}],"about":[{"href":"https:\/\/galiciagreenspainproperty.com\/es\/wp-json\/wp\/v2\/types\/page"}],"author":[{"embeddable":true,"href":"https:\/\/galiciagreenspainproperty.com\/es\/wp-json\/wp\/v2\/users\/1"}],"replies":[{"embeddable":true,"href":"https:\/\/galiciagreenspainproperty.com\/es\/wp-json\/wp\/v2\/comments?post=32860"}],"version-history":[{"count":1,"href":"https:\/\/galiciagreenspainproperty.com\/es\/wp-json\/wp\/v2\/pages\/32860\/revisions"}],"predecessor-version":[{"id":32861,"href":"https:\/\/galiciagreenspainproperty.com\/es\/wp-json\/wp\/v2\/pages\/32860\/revisions\/32861"}],"up":[{"embeddable":true,"href":"https:\/\/galiciagreenspainproperty.com\/es\/wp-json\/wp\/v2\/pages\/32887"}],"wp:attachment":[{"href":"https:\/\/galiciagreenspainproperty.com\/es\/wp-json\/wp\/v2\/media?parent=32860"}],"curies":[{"name":"wp","href":"https:\/\/api.w.org\/{rel}","templated":true}]}}