{"id":32894,"date":"2022-04-04T08:53:55","date_gmt":"2022-04-04T06:53:55","guid":{"rendered":"https:\/\/galiciagreenspainproperty.com\/servicios-financieros-y-legales\/"},"modified":"2022-05-13T18:39:18","modified_gmt":"2022-05-13T16:39:18","slug":"servicios-financieros-y-legales","status":"publish","type":"page","link":"https:\/\/galiciagreenspainproperty.com\/es\/servicios-financieros-y-legales\/","title":{"rendered":"Servicios Financieros y Legales"},"content":{"rendered":"\n<h3 class=\"wp-block-heading\" id=\"financial-services\">Servicios Financieros<\/h3>\n\n<p>Colaboramos con proveedores de servicios financieros que pueden ayudar a transferir fondos desde el extranjero a tasas competitivas:<\/p>\n\n<p><strong>GC Partners <\/strong>&#8211; Nuestro servicio es nuestra moneda<br\/>Desde 2003, hemos facilitado que m\u00e1s de 150 000 clientes transfieran dinero a los mercados Cur125 de todo el mundo. Somos un proveedor de servicios financieros especializado <a href=\"https:\/\/gcpartners.co\/\" target=\"_blank\" rel=\"noreferrer noopener\">https:\/\/gcpartners.co\/<\/a> transferimos dinero al extranjero. Utilizando un gran intercambio dise\u00f1ado para ser r\u00e1pido, confiable y seguro.<\/p>\n\n<p><strong>Currencies Direct<\/strong> &#8211; Tipos de cambio que superan a los bancos*<br\/><a href=\"https:\/\/www.currenciesdirect.com\/\" target=\"_blank\" rel=\"noreferrer noopener\">https:\/\/www.currenciesdirect.com\/<\/a><br\/>Ahorro de tiempo y dinero en sus transferencias de divisas. Nos aseguraremos de que se beneficie de:<br\/>Excelentes estados de cambio, Sin tarifas de transferencia, Experto en moneda personal, Tarifas de transferencia a medida<\/p>\n\n<p>Tambi\u00e9n podemos recomendar asesores financieros de habla inglesa para inversiones, pensiones, Qrops o cualquier otra necesidad financiera.<\/p>\n\n<h3 class=\"wp-block-heading\" id=\"property-tax-lawyers-advisors\">Abogados de Propiedad\/Impuestos\/Asesores<\/h3>\n\n<p><span style=\"text-decoration: underline;\">Abogados especializados en propiedad recomendados<\/span><br\/><a href=\"https:\/\/galiciapropertylawyers.net\/\" target=\"_blank\" rel=\"noreferrer noopener\">https:\/\/galiciapropertylawyers.net\/<\/a><\/p>\n\n<p><span style=\"text-decoration: underline;\">Recomnended specialises Tax Lawyers \/ Advisers<br\/><\/span><a href=\"https:\/\/www.balms.es\/\">https:\/\/www.balms.es\/<\/a><\/p>\n\n<h3 class=\"wp-block-heading\" id=\"residency-advice\">Asesoramiento de Residencia<\/h3>\n\n<p><strong><span style=\"text-decoration: underline;\">sobreviviendo a espa\u00f1a<\/span><\/strong><br\/>Sin embargo, una de las cosas m\u00e1s desafiantes de vivir en Espa\u00f1a es superar la burocracia espa\u00f1ola. Podemos ayudarte en casi todos los procesos necesarios para vivir en Espa\u00f1a como la obtenci\u00f3n de la Residencia en colaboraci\u00f3n con <a href=\"https:\/\/ageinspain.org\" target=\"_blank\" rel=\"noreferrer noopener\">ageinspain.org<\/a><\/p>\n\n<p><strong><span style=\"text-decoration: underline;\">Lista de gu\u00edas<\/span><\/strong><\/p>\n\n<p><a href=\"https:\/\/www.ageinspain.org\/faq-info\">https:\/\/www.agein<\/a><a href=\"https:\/\/www.ageinspain.org\/faq-info\" target=\"_blank\" rel=\"noreferrer noopener\">spain.org\/faq-info<\/a><\/p>\n\n<p>Si tiene m\u00e1s consultas o necesita m\u00e1s ayuda, complete el siguiente formulario:<\/p>\n\n<div class=\"wp-block-contact-form-7-contact-form-selector\">\n<div class=\"wpcf7 no-js\" id=\"wpcf7-f30360-o1\" lang=\"en-GB\" dir=\"ltr\" data-wpcf7-id=\"30360\">\n<div class=\"screen-reader-response\"><p role=\"status\" aria-live=\"polite\" aria-atomic=\"true\"><\/p> <ul><\/ul><\/div>\n<form action=\"\/es\/wp-json\/wp\/v2\/pages\/32894#wpcf7-f30360-o1\" method=\"post\" class=\"wpcf7-form init\" aria-label=\"Contact form\" novalidate=\"novalidate\" data-status=\"init\">\n<fieldset class=\"hidden-fields-container\"><input type=\"hidden\" name=\"_wpcf7\" value=\"30360\" \/><input type=\"hidden\" name=\"_wpcf7_version\" value=\"6.1.5\" \/><input type=\"hidden\" name=\"_wpcf7_locale\" value=\"en_GB\" \/><input type=\"hidden\" name=\"_wpcf7_unit_tag\" value=\"wpcf7-f30360-o1\" \/><input type=\"hidden\" name=\"_wpcf7_container_post\" value=\"0\" \/><input type=\"hidden\" name=\"_wpcf7_posted_data_hash\" value=\"\" \/><input type=\"hidden\" name=\"_wpcf7_recaptcha_response\" value=\"\" \/>\n<\/fieldset>\n<div class=\"row\">\n\t<div class=\"col-md-6\">\n\t\t<p><label> Your full name<br \/>\n<span class=\"wpcf7-form-control-wrap\" data-name=\"your-name\"><input size=\"40\" maxlength=\"400\" class=\"wpcf7-form-control wpcf7-text wpcf7-validates-as-required\" aria-required=\"true\" aria-invalid=\"false\" value=\"\" type=\"text\" name=\"your-name\" \/><\/span> <\/label>\n\t\t<\/p>\n\t<\/div>\n\t<div class=\"col-md-6\">\n\t\t<p><label> Your email<br \/>\n<span class=\"wpcf7-form-control-wrap\" data-name=\"your-email\"><input size=\"40\" maxlength=\"400\" class=\"wpcf7-form-control wpcf7-email wpcf7-validates-as-required wpcf7-text wpcf7-validates-as-email\" aria-required=\"true\" aria-invalid=\"false\" value=\"\" type=\"email\" name=\"your-email\" \/><\/span> <\/label>\n\t\t<\/p>\n\t<\/div>\n<\/div>\n<div class=\"row\">\n\t<div class=\"col-md-6\">\n\t\t<p><label> Your telephone number<br \/>\n<span class=\"wpcf7-form-control-wrap\" data-name=\"your-tel\"><input size=\"40\" maxlength=\"400\" class=\"wpcf7-form-control wpcf7-tel wpcf7-validates-as-required wpcf7-text wpcf7-validates-as-tel\" aria-required=\"true\" aria-invalid=\"false\" value=\"\" type=\"tel\" name=\"your-tel\" \/><\/span> <\/label>\n\t\t<\/p>\n\t<\/div>\n\t<div class=\"col-md-6\">\n\t\t<p><label> The best time to call you<br \/>\n<span class=\"wpcf7-form-control-wrap\" data-name=\"call-time\"><select class=\"wpcf7-form-control wpcf7-select wpcf7-validates-as-required\" aria-required=\"true\" aria-invalid=\"false\" name=\"call-time\"><option value=\"Morning\">Morning<\/option><option value=\"Afternoon\">Afternoon<\/option><option value=\"Evening\">Evening<\/option><\/select><\/span> <\/label>\n\t\t<\/p>\n\t<\/div>\n<\/div>\n<div class=\"row\">\n\t<div class=\"col-md-12\">\n\t\t<p><span class=\"wpcf7-form-control-wrap\" data-name=\"gdpr-acceptance\"><span class=\"wpcf7-form-control wpcf7-acceptance\"><span class=\"wpcf7-list-item\"><label><input type=\"checkbox\" name=\"gdpr-acceptance\" value=\"1\" aria-invalid=\"false\" \/><span class=\"wpcf7-list-item-label\">I consent to the GDPR Terms<\/span><\/label><\/span><\/span><\/span>\n\t\t<\/p>\n\t\t<p><input class=\"wpcf7-form-control wpcf7-submit has-spinner\" type=\"submit\" value=\"Submit\" \/>\n\t\t<\/p>\n\t<\/div>\n<\/div><div class=\"wpcf7-response-output\" aria-hidden=\"true\"><\/div>\n<\/form>\n<\/div>\n<\/div>\n\n<h3 class=\"wp-block-heading\" id=\"translations\">Traducciones<\/h3>\n\n<p><strong>We can offer you a variety of translation services:<br\/><\/strong>Traducciones oficiales de documentos oficialmente requeridos por traductores homologados -Xunta de Galicia.<br\/>Servicio de traducci\u00f3n personal acompa\u00f1ada, Asistencia con Traducciones de documentos, contratos y cualquier otra informaci\u00f3n requerida<\/p>\n","protected":false},"excerpt":{"rendered":"<p>Servicios Financieros Colaboramos con proveedores de servicios financieros que pueden ayudar a transferir fondos desde el extranjero a tasas competitivas: GC Partners &#8211; Nuestro servicio es nuestra monedaDesde 2003, hemos facilitado que m\u00e1s de 150 000 clientes transfieran dinero a los mercados Cur125 de todo el mundo. Somos un proveedor de servicios financieros especializado https:\/\/gcpartners.co\/ transferimos dinero al extranjero. Utilizando un gran intercambio dise\u00f1ado &#8230;<\/p>\n","protected":false},"author":1,"featured_media":0,"parent":0,"menu_order":0,"comment_status":"closed","ping_status":"closed","template":"","meta":{"content-type":"","inline_featured_image":false,"footnotes":""},"class_list":["post-32894","page","type-page","status-publish","hentry"],"yoast_head":"<!-- This site is optimized with the Yoast SEO plugin v27.3 - https:\/\/yoast.com\/product\/yoast-seo-wordpress\/ -->\n<title>Servicios Financieros y Legales - Galicia &amp; Green Spain Relocation &amp; Property Services<\/title>\n<meta name=\"robots\" content=\"index, follow, max-snippet:-1, max-image-preview:large, max-video-preview:-1\" \/>\n<link rel=\"canonical\" href=\"https:\/\/galiciagreenspainproperty.com\/es\/servicios-financieros-y-legales\/\" \/>\n<meta property=\"og:locale\" content=\"es_ES\" \/>\n<meta property=\"og:type\" content=\"article\" \/>\n<meta property=\"og:title\" content=\"Servicios Financieros y Legales - Galicia &amp; Green Spain Relocation &amp; Property Services\" \/>\n<meta property=\"og:description\" content=\"Servicios Financieros Colaboramos con proveedores de servicios financieros que pueden ayudar a transferir fondos desde el extranjero a tasas competitivas: GC Partners &#8211; Nuestro servicio es nuestra monedaDesde 2003, hemos facilitado que m\u00e1s de 150 000 clientes transfieran dinero a los mercados Cur125 de todo el mundo. Somos un proveedor de servicios financieros especializado https:\/\/gcpartners.co\/ transferimos dinero al extranjero. Utilizando un gran intercambio dise\u00f1ado ...\" \/>\n<meta property=\"og:url\" content=\"https:\/\/galiciagreenspainproperty.com\/es\/servicios-financieros-y-legales\/\" \/>\n<meta property=\"og:site_name\" content=\"Galicia &amp; Green Spain Relocation &amp; Property Services\" \/>\n<meta property=\"article:modified_time\" content=\"2022-05-13T16:39:18+00:00\" \/>\n<meta name=\"twitter:card\" content=\"summary_large_image\" \/>\n<meta name=\"twitter:label1\" content=\"Tiempo de lectura\" \/>\n\t<meta name=\"twitter:data1\" content=\"1 minuto\" \/>\n<script type=\"application\/ld+json\" class=\"yoast-schema-graph\">{\"@context\":\"https:\\\/\\\/schema.org\",\"@graph\":[{\"@type\":\"WebPage\",\"@id\":\"https:\\\/\\\/galiciagreenspainproperty.com\\\/es\\\/servicios-financieros-y-legales\\\/\",\"url\":\"https:\\\/\\\/galiciagreenspainproperty.com\\\/es\\\/servicios-financieros-y-legales\\\/\",\"name\":\"Servicios Financieros y Legales - Galicia &amp; Green Spain Relocation &amp; Property Services\",\"isPartOf\":{\"@id\":\"https:\\\/\\\/galiciagreenspainproperty.com\\\/es\\\/#website\"},\"datePublished\":\"2022-04-04T06:53:55+00:00\",\"dateModified\":\"2022-05-13T16:39:18+00:00\",\"breadcrumb\":{\"@id\":\"https:\\\/\\\/galiciagreenspainproperty.com\\\/es\\\/servicios-financieros-y-legales\\\/#breadcrumb\"},\"inLanguage\":\"es\",\"potentialAction\":[{\"@type\":\"ReadAction\",\"target\":[\"https:\\\/\\\/galiciagreenspainproperty.com\\\/es\\\/servicios-financieros-y-legales\\\/\"]}]},{\"@type\":\"BreadcrumbList\",\"@id\":\"https:\\\/\\\/galiciagreenspainproperty.com\\\/es\\\/servicios-financieros-y-legales\\\/#breadcrumb\",\"itemListElement\":[{\"@type\":\"ListItem\",\"position\":1,\"name\":\"Home\",\"item\":\"https:\\\/\\\/galiciagreenspainproperty.com\\\/es\\\/\"},{\"@type\":\"ListItem\",\"position\":2,\"name\":\"Servicios Financieros y Legales\"}]},{\"@type\":\"WebSite\",\"@id\":\"https:\\\/\\\/galiciagreenspainproperty.com\\\/es\\\/#website\",\"url\":\"https:\\\/\\\/galiciagreenspainproperty.com\\\/es\\\/\",\"name\":\"Galicia &amp; Green Spain Relocation &amp; Property Services\",\"description\":\"Galicia &amp; Green Spain Relocation &amp; Property Services\",\"publisher\":{\"@id\":\"https:\\\/\\\/galiciagreenspainproperty.com\\\/es\\\/#organization\"},\"potentialAction\":[{\"@type\":\"SearchAction\",\"target\":{\"@type\":\"EntryPoint\",\"urlTemplate\":\"https:\\\/\\\/galiciagreenspainproperty.com\\\/es\\\/?s={search_term_string}\"},\"query-input\":{\"@type\":\"PropertyValueSpecification\",\"valueRequired\":true,\"valueName\":\"search_term_string\"}}],\"inLanguage\":\"es\"},{\"@type\":\"Organization\",\"@id\":\"https:\\\/\\\/galiciagreenspainproperty.com\\\/es\\\/#organization\",\"name\":\"Galicia Green Spain Property\",\"url\":\"https:\\\/\\\/galiciagreenspainproperty.com\\\/es\\\/\",\"logo\":{\"@type\":\"ImageObject\",\"inLanguage\":\"es\",\"@id\":\"https:\\\/\\\/galiciagreenspainproperty.com\\\/es\\\/#\\\/schema\\\/logo\\\/image\\\/\",\"url\":\"https:\\\/\\\/galiciagreenspainproperty.com\\\/wp-content\\\/uploads\\\/2022\\\/05\\\/gg-logo-white-background-150x132-1.jpg\",\"contentUrl\":\"https:\\\/\\\/galiciagreenspainproperty.com\\\/wp-content\\\/uploads\\\/2022\\\/05\\\/gg-logo-white-background-150x132-1.jpg\",\"width\":150,\"height\":132,\"caption\":\"Galicia Green Spain Property\"},\"image\":{\"@id\":\"https:\\\/\\\/galiciagreenspainproperty.com\\\/es\\\/#\\\/schema\\\/logo\\\/image\\\/\"}}]}<\/script>\n<!-- \/ Yoast SEO plugin. -->","yoast_head_json":{"title":"Servicios Financieros y Legales - Galicia &amp; Green Spain Relocation &amp; Property Services","robots":{"index":"index","follow":"follow","max-snippet":"max-snippet:-1","max-image-preview":"max-image-preview:large","max-video-preview":"max-video-preview:-1"},"canonical":"https:\/\/galiciagreenspainproperty.com\/es\/servicios-financieros-y-legales\/","og_locale":"es_ES","og_type":"article","og_title":"Servicios Financieros y Legales - Galicia &amp; Green Spain Relocation &amp; Property Services","og_description":"Servicios Financieros Colaboramos con proveedores de servicios financieros que pueden ayudar a transferir fondos desde el extranjero a tasas competitivas: GC Partners &#8211; Nuestro servicio es nuestra monedaDesde 2003, hemos facilitado que m\u00e1s de 150 000 clientes transfieran dinero a los mercados Cur125 de todo el mundo. Somos un proveedor de servicios financieros especializado https:\/\/gcpartners.co\/ transferimos dinero al extranjero. Utilizando un gran intercambio dise\u00f1ado ...","og_url":"https:\/\/galiciagreenspainproperty.com\/es\/servicios-financieros-y-legales\/","og_site_name":"Galicia &amp; Green Spain Relocation &amp; Property Services","article_modified_time":"2022-05-13T16:39:18+00:00","twitter_card":"summary_large_image","twitter_misc":{"Tiempo de lectura":"1 minuto"},"schema":{"@context":"https:\/\/schema.org","@graph":[{"@type":"WebPage","@id":"https:\/\/galiciagreenspainproperty.com\/es\/servicios-financieros-y-legales\/","url":"https:\/\/galiciagreenspainproperty.com\/es\/servicios-financieros-y-legales\/","name":"Servicios Financieros y Legales - Galicia &amp; Green Spain Relocation &amp; Property Services","isPartOf":{"@id":"https:\/\/galiciagreenspainproperty.com\/es\/#website"},"datePublished":"2022-04-04T06:53:55+00:00","dateModified":"2022-05-13T16:39:18+00:00","breadcrumb":{"@id":"https:\/\/galiciagreenspainproperty.com\/es\/servicios-financieros-y-legales\/#breadcrumb"},"inLanguage":"es","potentialAction":[{"@type":"ReadAction","target":["https:\/\/galiciagreenspainproperty.com\/es\/servicios-financieros-y-legales\/"]}]},{"@type":"BreadcrumbList","@id":"https:\/\/galiciagreenspainproperty.com\/es\/servicios-financieros-y-legales\/#breadcrumb","itemListElement":[{"@type":"ListItem","position":1,"name":"Home","item":"https:\/\/galiciagreenspainproperty.com\/es\/"},{"@type":"ListItem","position":2,"name":"Servicios Financieros y Legales"}]},{"@type":"WebSite","@id":"https:\/\/galiciagreenspainproperty.com\/es\/#website","url":"https:\/\/galiciagreenspainproperty.com\/es\/","name":"Galicia &amp; Green Spain Relocation &amp; Property Services","description":"Galicia &amp; Green Spain Relocation &amp; Property Services","publisher":{"@id":"https:\/\/galiciagreenspainproperty.com\/es\/#organization"},"potentialAction":[{"@type":"SearchAction","target":{"@type":"EntryPoint","urlTemplate":"https:\/\/galiciagreenspainproperty.com\/es\/?s={search_term_string}"},"query-input":{"@type":"PropertyValueSpecification","valueRequired":true,"valueName":"search_term_string"}}],"inLanguage":"es"},{"@type":"Organization","@id":"https:\/\/galiciagreenspainproperty.com\/es\/#organization","name":"Galicia Green Spain Property","url":"https:\/\/galiciagreenspainproperty.com\/es\/","logo":{"@type":"ImageObject","inLanguage":"es","@id":"https:\/\/galiciagreenspainproperty.com\/es\/#\/schema\/logo\/image\/","url":"https:\/\/galiciagreenspainproperty.com\/wp-content\/uploads\/2022\/05\/gg-logo-white-background-150x132-1.jpg","contentUrl":"https:\/\/galiciagreenspainproperty.com\/wp-content\/uploads\/2022\/05\/gg-logo-white-background-150x132-1.jpg","width":150,"height":132,"caption":"Galicia Green Spain Property"},"image":{"@id":"https:\/\/galiciagreenspainproperty.com\/es\/#\/schema\/logo\/image\/"}}]}},"pbg_featured_image_src":{"full":false,"thumbnail":false,"medium":false,"medium_large":false,"large":false,"1536x1536":false,"2048x2048":false,"post-thumbnail":false,"user_picture_profile":false,"agent_picture_thumb":false,"blog_thumb":false,"blog_unit":false,"slider_thumb":false,"property_featured_sidebar":false,"property_listings":false,"property_full":false,"listing_full_slider":false,"listing_full_slider_1":false,"property_featured":false,"property_full_map":false,"widget_thumb":false,"user_thumb":false,"custom_slider_thumb":false,"post_thumbnail_size":false},"pbg_author_info":{"display_name":"bodaiz","author_link":"https:\/\/galiciagreenspainproperty.com\/es\/author\/bodaiz\/","author_img":false},"pbg_comment_info":" No Comments","pbg_excerpt":"Servicios Financieros Colaboramos con proveedores de servicios financieros que pueden ayudar a transferir fondos desde el extranjero a tasas competitivas: GC Partners &#8211; Nuestro servicio es nuestra monedaDesde 2003, hemos facilitado que m\u00e1s de 150 000 clientes transfieran dinero a los mercados Cur125 de todo el mundo. Somos un proveedor de servicios financieros especializado https:\/\/gcpartners.co\/&hellip;","_links":{"self":[{"href":"https:\/\/galiciagreenspainproperty.com\/es\/wp-json\/wp\/v2\/pages\/32894","targetHints":{"allow":["GET"]}}],"collection":[{"href":"https:\/\/galiciagreenspainproperty.com\/es\/wp-json\/wp\/v2\/pages"}],"about":[{"href":"https:\/\/galiciagreenspainproperty.com\/es\/wp-json\/wp\/v2\/types\/page"}],"author":[{"embeddable":true,"href":"https:\/\/galiciagreenspainproperty.com\/es\/wp-json\/wp\/v2\/users\/1"}],"replies":[{"embeddable":true,"href":"https:\/\/galiciagreenspainproperty.com\/es\/wp-json\/wp\/v2\/comments?post=32894"}],"version-history":[{"count":1,"href":"https:\/\/galiciagreenspainproperty.com\/es\/wp-json\/wp\/v2\/pages\/32894\/revisions"}],"predecessor-version":[{"id":32895,"href":"https:\/\/galiciagreenspainproperty.com\/es\/wp-json\/wp\/v2\/pages\/32894\/revisions\/32895"}],"wp:attachment":[{"href":"https:\/\/galiciagreenspainproperty.com\/es\/wp-json\/wp\/v2\/media?parent=32894"}],"curies":[{"name":"wp","href":"https:\/\/api.w.org\/{rel}","templated":true}]}}