{"id":32986,"date":"2022-04-04T17:07:02","date_gmt":"2022-04-04T15:07:02","guid":{"rendered":"https:\/\/galiciagreenspainproperty.com\/servicios-financieros-y-legales\/asesoramiento-residencia-espana\/"},"modified":"2022-05-16T13:54:22","modified_gmt":"2022-05-16T11:54:22","slug":"asesoramiento-residencia-espana","status":"publish","type":"page","link":"https:\/\/galiciagreenspainproperty.com\/es\/servicios-financieros-y-legales\/asesoramiento-residencia-espana\/","title":{"rendered":"Asesoramiento residencia espa\u00f1a"},"content":{"rendered":"\n<p><strong><span style=\"text-decoration: underline;\">sobreviviendo a espa\u00f1a<\/span><\/strong><br\/>Sin embargo, una de las cosas m\u00e1s desafiantes de vivir en Espa\u00f1a es superar la burocracia espa\u00f1ola. Podemos ayudarte en casi todos los procesos necesarios para vivir en Espa\u00f1a como la obtenci\u00f3n de la Residencia en colaboraci\u00f3n con <a href=\"https:\/\/ageinspain.org\" target=\"_blank\" rel=\"noreferrer noopener\">ageinspain.org<\/a><\/p>\n\n<p><strong><span style=\"text-decoration: underline;\">Lista de gu\u00edas<\/span><\/strong><\/p>\n\n<p><a href=\"https:\/\/www.ageinspain.org\/faq-info\">https:\/\/www.agein<\/a><a href=\"https:\/\/www.ageinspain.org\/faq-info\" target=\"_blank\" rel=\"noreferrer noopener\">spain.org\/faq-info<\/a><\/p>\n\n<hr class=\"wp-block-separator is-style-dots\"\/>\n\n<p class=\"has-text-align-center\">Si tiene m\u00e1s consultas o necesita m\u00e1s ayuda, complete el siguiente formulario:<\/p>\n\n<div class=\"wp-block-contact-form-7-contact-form-selector\">\n<div class=\"wpcf7 no-js\" id=\"wpcf7-f30360-o1\" lang=\"en-GB\" dir=\"ltr\" data-wpcf7-id=\"30360\">\n<div class=\"screen-reader-response\"><p role=\"status\" aria-live=\"polite\" aria-atomic=\"true\"><\/p> <ul><\/ul><\/div>\n<form action=\"\/es\/wp-json\/wp\/v2\/pages\/32986#wpcf7-f30360-o1\" method=\"post\" class=\"wpcf7-form init\" aria-label=\"Contact form\" novalidate=\"novalidate\" data-status=\"init\">\n<fieldset class=\"hidden-fields-container\"><input type=\"hidden\" name=\"_wpcf7\" value=\"30360\" \/><input type=\"hidden\" name=\"_wpcf7_version\" value=\"6.1.5\" \/><input type=\"hidden\" name=\"_wpcf7_locale\" value=\"en_GB\" \/><input type=\"hidden\" name=\"_wpcf7_unit_tag\" value=\"wpcf7-f30360-o1\" \/><input type=\"hidden\" name=\"_wpcf7_container_post\" value=\"0\" \/><input type=\"hidden\" name=\"_wpcf7_posted_data_hash\" value=\"\" \/><input type=\"hidden\" name=\"_wpcf7_recaptcha_response\" value=\"\" \/>\n<\/fieldset>\n<div class=\"row\">\n\t<div class=\"col-md-6\">\n\t\t<p><label> Your full name<br \/>\n<span class=\"wpcf7-form-control-wrap\" data-name=\"your-name\"><input size=\"40\" maxlength=\"400\" class=\"wpcf7-form-control wpcf7-text wpcf7-validates-as-required\" aria-required=\"true\" aria-invalid=\"false\" value=\"\" type=\"text\" name=\"your-name\" \/><\/span> <\/label>\n\t\t<\/p>\n\t<\/div>\n\t<div class=\"col-md-6\">\n\t\t<p><label> Your email<br \/>\n<span class=\"wpcf7-form-control-wrap\" data-name=\"your-email\"><input size=\"40\" maxlength=\"400\" class=\"wpcf7-form-control wpcf7-email wpcf7-validates-as-required wpcf7-text wpcf7-validates-as-email\" aria-required=\"true\" aria-invalid=\"false\" value=\"\" type=\"email\" name=\"your-email\" \/><\/span> <\/label>\n\t\t<\/p>\n\t<\/div>\n<\/div>\n<div class=\"row\">\n\t<div class=\"col-md-6\">\n\t\t<p><label> Your telephone number<br \/>\n<span class=\"wpcf7-form-control-wrap\" data-name=\"your-tel\"><input size=\"40\" maxlength=\"400\" class=\"wpcf7-form-control wpcf7-tel wpcf7-validates-as-required wpcf7-text wpcf7-validates-as-tel\" aria-required=\"true\" aria-invalid=\"false\" value=\"\" type=\"tel\" name=\"your-tel\" \/><\/span> <\/label>\n\t\t<\/p>\n\t<\/div>\n\t<div class=\"col-md-6\">\n\t\t<p><label> The best time to call you<br \/>\n<span class=\"wpcf7-form-control-wrap\" data-name=\"call-time\"><select class=\"wpcf7-form-control wpcf7-select wpcf7-validates-as-required\" aria-required=\"true\" aria-invalid=\"false\" name=\"call-time\"><option value=\"Morning\">Morning<\/option><option value=\"Afternoon\">Afternoon<\/option><option value=\"Evening\">Evening<\/option><\/select><\/span> <\/label>\n\t\t<\/p>\n\t<\/div>\n<\/div>\n<div class=\"row\">\n\t<div class=\"col-md-12\">\n\t\t<p><span class=\"wpcf7-form-control-wrap\" data-name=\"gdpr-acceptance\"><span class=\"wpcf7-form-control wpcf7-acceptance\"><span class=\"wpcf7-list-item\"><label><input type=\"checkbox\" name=\"gdpr-acceptance\" value=\"1\" aria-invalid=\"false\" \/><span class=\"wpcf7-list-item-label\">I consent to the GDPR Terms<\/span><\/label><\/span><\/span><\/span>\n\t\t<\/p>\n\t\t<p><input class=\"wpcf7-form-control wpcf7-submit has-spinner\" type=\"submit\" value=\"Submit\" \/>\n\t\t<\/p>\n\t<\/div>\n<\/div><div class=\"wpcf7-response-output\" aria-hidden=\"true\"><\/div>\n<\/form>\n<\/div>\n<\/div>\n","protected":false},"excerpt":{"rendered":"<p>sobreviviendo a espa\u00f1aSin embargo, una de las cosas m\u00e1s desafiantes de vivir en Espa\u00f1a es superar la burocracia espa\u00f1ola. Podemos ayudarte en casi todos los procesos necesarios para vivir en Espa\u00f1a como la obtenci\u00f3n de la Residencia en colaboraci\u00f3n con ageinspain.org Lista de gu\u00edas https:\/\/www.ageinspain.org\/faq-info Si tiene m\u00e1s consultas o necesita m\u00e1s ayuda, complete el siguiente formulario:<\/p>\n","protected":false},"author":1,"featured_media":0,"parent":32894,"menu_order":0,"comment_status":"closed","ping_status":"closed","template":"","meta":{"content-type":"","inline_featured_image":false,"footnotes":""},"class_list":["post-32986","page","type-page","status-publish","hentry"],"yoast_head":"<!-- This site is optimized with the Yoast SEO plugin v27.4 - https:\/\/yoast.com\/product\/yoast-seo-wordpress\/ -->\n<title>Asesoramiento residencia espa\u00f1a por vivir en Galicia y la Espa\u00f1a Verde<\/title>\n<meta name=\"description\" content=\"Ayuda y asesoramiento para la obtenci\u00f3n de la residencia en Galicia y la Espa\u00f1a Verde de Galicia &amp; Green Spain Property &amp; Relocation.\" \/>\n<meta name=\"robots\" content=\"index, follow, max-snippet:-1, max-image-preview:large, max-video-preview:-1\" \/>\n<link rel=\"canonical\" href=\"https:\/\/galiciagreenspainproperty.com\/es\/servicios-financieros-y-legales\/asesoramiento-residencia-espana\/\" \/>\n<meta property=\"og:locale\" content=\"es_ES\" \/>\n<meta property=\"og:type\" content=\"article\" \/>\n<meta property=\"og:title\" content=\"Asesoramiento residencia espa\u00f1a por vivir en Galicia y la Espa\u00f1a Verde\" \/>\n<meta property=\"og:description\" content=\"Ayuda y asesoramiento para la obtenci\u00f3n de la residencia en Galicia y la Espa\u00f1a Verde de Galicia &amp; Green Spain Property &amp; Relocation.\" \/>\n<meta property=\"og:url\" content=\"https:\/\/galiciagreenspainproperty.com\/es\/servicios-financieros-y-legales\/asesoramiento-residencia-espana\/\" \/>\n<meta property=\"og:site_name\" content=\"Galicia &amp; Green Spain Relocation &amp; Property Services\" \/>\n<meta property=\"article:modified_time\" content=\"2022-05-16T11:54:22+00:00\" \/>\n<meta name=\"twitter:card\" content=\"summary_large_image\" \/>\n<script type=\"application\/ld+json\" class=\"yoast-schema-graph\">{\"@context\":\"https:\\\/\\\/schema.org\",\"@graph\":[{\"@type\":\"WebPage\",\"@id\":\"https:\\\/\\\/galiciagreenspainproperty.com\\\/es\\\/servicios-financieros-y-legales\\\/asesoramiento-residencia-espana\\\/\",\"url\":\"https:\\\/\\\/galiciagreenspainproperty.com\\\/es\\\/servicios-financieros-y-legales\\\/asesoramiento-residencia-espana\\\/\",\"name\":\"Asesoramiento residencia espa\u00f1a por vivir en Galicia y la Espa\u00f1a Verde\",\"isPartOf\":{\"@id\":\"https:\\\/\\\/galiciagreenspainproperty.com\\\/es\\\/#website\"},\"datePublished\":\"2022-04-04T15:07:02+00:00\",\"dateModified\":\"2022-05-16T11:54:22+00:00\",\"description\":\"Ayuda y asesoramiento para la obtenci\u00f3n de la residencia en Galicia y la Espa\u00f1a Verde de Galicia & Green Spain Property & Relocation.\",\"breadcrumb\":{\"@id\":\"https:\\\/\\\/galiciagreenspainproperty.com\\\/es\\\/servicios-financieros-y-legales\\\/asesoramiento-residencia-espana\\\/#breadcrumb\"},\"inLanguage\":\"es\",\"potentialAction\":[{\"@type\":\"ReadAction\",\"target\":[\"https:\\\/\\\/galiciagreenspainproperty.com\\\/es\\\/servicios-financieros-y-legales\\\/asesoramiento-residencia-espana\\\/\"]}]},{\"@type\":\"BreadcrumbList\",\"@id\":\"https:\\\/\\\/galiciagreenspainproperty.com\\\/es\\\/servicios-financieros-y-legales\\\/asesoramiento-residencia-espana\\\/#breadcrumb\",\"itemListElement\":[{\"@type\":\"ListItem\",\"position\":1,\"name\":\"Home\",\"item\":\"https:\\\/\\\/galiciagreenspainproperty.com\\\/es\\\/\"},{\"@type\":\"ListItem\",\"position\":2,\"name\":\"Servicios Financieros y Legales\",\"item\":\"https:\\\/\\\/galiciagreenspainproperty.com\\\/es\\\/servicios-financieros-y-legales\\\/\"},{\"@type\":\"ListItem\",\"position\":3,\"name\":\"Asesoramiento residencia espa\u00f1a\"}]},{\"@type\":\"WebSite\",\"@id\":\"https:\\\/\\\/galiciagreenspainproperty.com\\\/es\\\/#website\",\"url\":\"https:\\\/\\\/galiciagreenspainproperty.com\\\/es\\\/\",\"name\":\"Galicia &amp; Green Spain Relocation &amp; Property Services\",\"description\":\"Galicia &amp; Green Spain Relocation &amp; Property Services\",\"publisher\":{\"@id\":\"https:\\\/\\\/galiciagreenspainproperty.com\\\/es\\\/#organization\"},\"potentialAction\":[{\"@type\":\"SearchAction\",\"target\":{\"@type\":\"EntryPoint\",\"urlTemplate\":\"https:\\\/\\\/galiciagreenspainproperty.com\\\/es\\\/?s={search_term_string}\"},\"query-input\":{\"@type\":\"PropertyValueSpecification\",\"valueRequired\":true,\"valueName\":\"search_term_string\"}}],\"inLanguage\":\"es\"},{\"@type\":\"Organization\",\"@id\":\"https:\\\/\\\/galiciagreenspainproperty.com\\\/es\\\/#organization\",\"name\":\"Galicia Green Spain Property\",\"url\":\"https:\\\/\\\/galiciagreenspainproperty.com\\\/es\\\/\",\"logo\":{\"@type\":\"ImageObject\",\"inLanguage\":\"es\",\"@id\":\"https:\\\/\\\/galiciagreenspainproperty.com\\\/es\\\/#\\\/schema\\\/logo\\\/image\\\/\",\"url\":\"https:\\\/\\\/galiciagreenspainproperty.com\\\/wp-content\\\/uploads\\\/2022\\\/05\\\/gg-logo-white-background-150x132-1.jpg\",\"contentUrl\":\"https:\\\/\\\/galiciagreenspainproperty.com\\\/wp-content\\\/uploads\\\/2022\\\/05\\\/gg-logo-white-background-150x132-1.jpg\",\"width\":150,\"height\":132,\"caption\":\"Galicia Green Spain Property\"},\"image\":{\"@id\":\"https:\\\/\\\/galiciagreenspainproperty.com\\\/es\\\/#\\\/schema\\\/logo\\\/image\\\/\"}}]}<\/script>\n<!-- \/ Yoast SEO plugin. -->","yoast_head_json":{"title":"Asesoramiento residencia espa\u00f1a por vivir en Galicia y la Espa\u00f1a Verde","description":"Ayuda y asesoramiento para la obtenci\u00f3n de la residencia en Galicia y la Espa\u00f1a Verde de Galicia & Green Spain Property & Relocation.","robots":{"index":"index","follow":"follow","max-snippet":"max-snippet:-1","max-image-preview":"max-image-preview:large","max-video-preview":"max-video-preview:-1"},"canonical":"https:\/\/galiciagreenspainproperty.com\/es\/servicios-financieros-y-legales\/asesoramiento-residencia-espana\/","og_locale":"es_ES","og_type":"article","og_title":"Asesoramiento residencia espa\u00f1a por vivir en Galicia y la Espa\u00f1a Verde","og_description":"Ayuda y asesoramiento para la obtenci\u00f3n de la residencia en Galicia y la Espa\u00f1a Verde de Galicia & Green Spain Property & Relocation.","og_url":"https:\/\/galiciagreenspainproperty.com\/es\/servicios-financieros-y-legales\/asesoramiento-residencia-espana\/","og_site_name":"Galicia &amp; Green Spain Relocation &amp; Property Services","article_modified_time":"2022-05-16T11:54:22+00:00","twitter_card":"summary_large_image","schema":{"@context":"https:\/\/schema.org","@graph":[{"@type":"WebPage","@id":"https:\/\/galiciagreenspainproperty.com\/es\/servicios-financieros-y-legales\/asesoramiento-residencia-espana\/","url":"https:\/\/galiciagreenspainproperty.com\/es\/servicios-financieros-y-legales\/asesoramiento-residencia-espana\/","name":"Asesoramiento residencia espa\u00f1a por vivir en Galicia y la Espa\u00f1a Verde","isPartOf":{"@id":"https:\/\/galiciagreenspainproperty.com\/es\/#website"},"datePublished":"2022-04-04T15:07:02+00:00","dateModified":"2022-05-16T11:54:22+00:00","description":"Ayuda y asesoramiento para la obtenci\u00f3n de la residencia en Galicia y la Espa\u00f1a Verde de Galicia & Green Spain Property & Relocation.","breadcrumb":{"@id":"https:\/\/galiciagreenspainproperty.com\/es\/servicios-financieros-y-legales\/asesoramiento-residencia-espana\/#breadcrumb"},"inLanguage":"es","potentialAction":[{"@type":"ReadAction","target":["https:\/\/galiciagreenspainproperty.com\/es\/servicios-financieros-y-legales\/asesoramiento-residencia-espana\/"]}]},{"@type":"BreadcrumbList","@id":"https:\/\/galiciagreenspainproperty.com\/es\/servicios-financieros-y-legales\/asesoramiento-residencia-espana\/#breadcrumb","itemListElement":[{"@type":"ListItem","position":1,"name":"Home","item":"https:\/\/galiciagreenspainproperty.com\/es\/"},{"@type":"ListItem","position":2,"name":"Servicios Financieros y Legales","item":"https:\/\/galiciagreenspainproperty.com\/es\/servicios-financieros-y-legales\/"},{"@type":"ListItem","position":3,"name":"Asesoramiento residencia espa\u00f1a"}]},{"@type":"WebSite","@id":"https:\/\/galiciagreenspainproperty.com\/es\/#website","url":"https:\/\/galiciagreenspainproperty.com\/es\/","name":"Galicia &amp; Green Spain Relocation &amp; Property Services","description":"Galicia &amp; Green Spain Relocation &amp; Property Services","publisher":{"@id":"https:\/\/galiciagreenspainproperty.com\/es\/#organization"},"potentialAction":[{"@type":"SearchAction","target":{"@type":"EntryPoint","urlTemplate":"https:\/\/galiciagreenspainproperty.com\/es\/?s={search_term_string}"},"query-input":{"@type":"PropertyValueSpecification","valueRequired":true,"valueName":"search_term_string"}}],"inLanguage":"es"},{"@type":"Organization","@id":"https:\/\/galiciagreenspainproperty.com\/es\/#organization","name":"Galicia Green Spain Property","url":"https:\/\/galiciagreenspainproperty.com\/es\/","logo":{"@type":"ImageObject","inLanguage":"es","@id":"https:\/\/galiciagreenspainproperty.com\/es\/#\/schema\/logo\/image\/","url":"https:\/\/galiciagreenspainproperty.com\/wp-content\/uploads\/2022\/05\/gg-logo-white-background-150x132-1.jpg","contentUrl":"https:\/\/galiciagreenspainproperty.com\/wp-content\/uploads\/2022\/05\/gg-logo-white-background-150x132-1.jpg","width":150,"height":132,"caption":"Galicia Green Spain Property"},"image":{"@id":"https:\/\/galiciagreenspainproperty.com\/es\/#\/schema\/logo\/image\/"}}]}},"pbg_featured_image_src":{"full":false,"thumbnail":false,"medium":false,"medium_large":false,"large":false,"1536x1536":false,"2048x2048":false,"post-thumbnail":false,"user_picture_profile":false,"agent_picture_thumb":false,"blog_thumb":false,"blog_unit":false,"slider_thumb":false,"property_featured_sidebar":false,"property_listings":false,"property_full":false,"listing_full_slider":false,"listing_full_slider_1":false,"property_featured":false,"property_full_map":false,"widget_thumb":false,"user_thumb":false,"custom_slider_thumb":false,"post_thumbnail_size":false},"pbg_author_info":{"display_name":"bodaiz","author_link":"https:\/\/galiciagreenspainproperty.com\/es\/author\/bodaiz\/","author_img":false},"pbg_comment_info":" No Comments","pbg_excerpt":"sobreviviendo a espa\u00f1aSin embargo, una de las cosas m\u00e1s desafiantes de vivir en Espa\u00f1a es superar la burocracia espa\u00f1ola. Podemos ayudarte en casi todos los procesos necesarios para vivir en Espa\u00f1a como la obtenci\u00f3n de la Residencia en colaboraci\u00f3n con ageinspain.org Lista de gu\u00edas https:\/\/www.ageinspain.org\/faq-info Si tiene m\u00e1s consultas o necesita m\u00e1s ayuda, complete el&hellip;","_links":{"self":[{"href":"https:\/\/galiciagreenspainproperty.com\/es\/wp-json\/wp\/v2\/pages\/32986","targetHints":{"allow":["GET"]}}],"collection":[{"href":"https:\/\/galiciagreenspainproperty.com\/es\/wp-json\/wp\/v2\/pages"}],"about":[{"href":"https:\/\/galiciagreenspainproperty.com\/es\/wp-json\/wp\/v2\/types\/page"}],"author":[{"embeddable":true,"href":"https:\/\/galiciagreenspainproperty.com\/es\/wp-json\/wp\/v2\/users\/1"}],"replies":[{"embeddable":true,"href":"https:\/\/galiciagreenspainproperty.com\/es\/wp-json\/wp\/v2\/comments?post=32986"}],"version-history":[{"count":3,"href":"https:\/\/galiciagreenspainproperty.com\/es\/wp-json\/wp\/v2\/pages\/32986\/revisions"}],"predecessor-version":[{"id":33146,"href":"https:\/\/galiciagreenspainproperty.com\/es\/wp-json\/wp\/v2\/pages\/32986\/revisions\/33146"}],"up":[{"embeddable":true,"href":"https:\/\/galiciagreenspainproperty.com\/es\/wp-json\/wp\/v2\/pages\/32894"}],"wp:attachment":[{"href":"https:\/\/galiciagreenspainproperty.com\/es\/wp-json\/wp\/v2\/media?parent=32986"}],"curies":[{"name":"wp","href":"https:\/\/api.w.org\/{rel}","templated":true}]}}