{"id":32990,"date":"2022-05-10T13:10:19","date_gmt":"2022-05-10T11:10:19","guid":{"rendered":"https:\/\/galiciagreenspainproperty.com\/galicia\/"},"modified":"2022-05-15T13:56:44","modified_gmt":"2022-05-15T11:56:44","slug":"galicia","status":"publish","type":"page","link":"https:\/\/galiciagreenspainproperty.com\/es\/galicia\/","title":{"rendered":"Galicia"},"content":{"rendered":"\n<p>Galicia una comunidad aut\u00f3noma en el noroeste de Espa\u00f1a.<\/p>\n\n<p>Esta hermosa parte de Espa\u00f1a, con sus exuberantes paisajes verdes y monta\u00f1osos, est\u00e1 salpicada de pueblos pintorescos, pero tambi\u00e9n tiene una costa impresionante y playas espectaculares frente al azul del Oc\u00e9ano Atl\u00e1ntico.<\/p>\n\n<p>La regi\u00f3n se divide en cuatro provincias: A Coru\u00f1a, Pontevedra, Lugo y Ourense. Cada uno tiene sus propios Monumentos Hist\u00f3ricos, Tradiciones Culturales, Cocina Local, as\u00ed como ciudades vibrantes, pero todos comparten un hermoso entorno rural.<\/p>\n\n<p>La capital de la regi\u00f3n es la famosa ciudad de Santiago de Compostela y su Majestuosa Catedral, donde se dice que descansa el ap\u00f3stol Santiago. Este es el destino de muchos de los que eligen realizar esta peregrinaci\u00f3n por el Camino de Santiago pernoctando en uno de los numerosos albergues a lo largo de la ruta, saboreando la acogedora hospitalidad y la gastronom\u00eda, mientras hacen el tramo final del recorrido hacia el magn\u00edfico abierto vistas al oc\u00e9ano desde los acantilados occidentales del Cabo, que alguna vez se consider\u00f3 el fin del mundo conocido.<\/p>\n\n<p><strong><u>Galicia: <\/u><\/strong><a href=\"https:\/\/fb.watch\/codYdXnKn-\/\" target=\"_blank\" rel=\"noreferrer noopener\">https:\/\/fb.watch\/codYdXnKn-\/<\/a> <\/p>\n\n<p><strong><u>CAMINA A GALICA VIDEO<\/u><\/strong><\/p>\n\n<figure class=\"wp-block-embed is-type-video is-provider-youtube wp-block-embed-youtube wp-embed-aspect-16-9 wp-has-aspect-ratio\"><div class=\"wp-block-embed__wrapper\">\n<div class=\"video-container\"><iframe title=\"CAMINA A GALICIA\" width=\"1200\" height=\"675\" src=\"https:\/\/www.youtube.com\/embed\/dGqXxrORIvk?feature=oembed\" frameborder=\"0\" allow=\"accelerometer; autoplay; clipboard-write; encrypted-media; gyroscope; picture-in-picture\" allowfullscreen><\/iframe><\/div>\n<\/div><\/figure>\n\n<p><strong><u>V\u00eddeo: Galicia &#8211; Tierra de los Perdidos<\/u><\/strong><\/p>\n\n<figure class=\"wp-block-embed is-type-video is-provider-youtube wp-block-embed-youtube wp-embed-aspect-16-9 wp-has-aspect-ratio\"><div class=\"wp-block-embed__wrapper\">\n<div class=\"video-container\"><iframe title=\"Galicia - Land of the Lost\" width=\"1200\" height=\"675\" src=\"https:\/\/www.youtube.com\/embed\/JaC7R-Z_uj0?feature=oembed\" frameborder=\"0\" allow=\"accelerometer; autoplay; clipboard-write; encrypted-media; gyroscope; picture-in-picture\" allowfullscreen><\/iframe><\/div>\n<\/div><\/figure>\n\n<p><strong><u>Patronato de Turismo de Galicia:<\/u><\/strong><strong> <\/strong><\/p>\n\n<p><a href=\"https:\/\/www.turismo.gal\/inicio\" target=\"_blank\" rel=\"noreferrer noopener\">https:\/\/www.turismo.gal\/inicio<\/a><\/p>\n","protected":false},"excerpt":{"rendered":"<p>Galicia una comunidad aut\u00f3noma en el noroeste de Espa\u00f1a. Esta hermosa parte de Espa\u00f1a, con sus exuberantes paisajes verdes y monta\u00f1osos, est\u00e1 salpicada de pueblos pintorescos, pero tambi\u00e9n tiene una costa impresionante y playas espectaculares frente al azul del Oc\u00e9ano Atl\u00e1ntico. La regi\u00f3n se divide en cuatro provincias: A Coru\u00f1a, Pontevedra, Lugo y Ourense. Cada uno tiene sus propios Monumentos Hist\u00f3ricos, Tradiciones Culturales, Cocina &#8230;<\/p>\n","protected":false},"author":1,"featured_media":0,"parent":0,"menu_order":0,"comment_status":"closed","ping_status":"closed","template":"","meta":{"content-type":"","inline_featured_image":false,"footnotes":""},"class_list":["post-32990","page","type-page","status-publish","hentry"],"yoast_head":"<!-- This site is optimized with the Yoast SEO plugin v27.3 - https:\/\/yoast.com\/product\/yoast-seo-wordpress\/ -->\n<title>Galicia - Galicia &amp; Green Spain Relocation &amp; Property Services<\/title>\n<meta name=\"robots\" content=\"index, follow, max-snippet:-1, max-image-preview:large, max-video-preview:-1\" \/>\n<link rel=\"canonical\" href=\"https:\/\/galiciagreenspainproperty.com\/es\/galicia\/\" \/>\n<meta property=\"og:locale\" content=\"es_ES\" \/>\n<meta property=\"og:type\" content=\"article\" \/>\n<meta property=\"og:title\" content=\"Galicia - Galicia &amp; Green Spain Relocation &amp; Property Services\" \/>\n<meta property=\"og:description\" content=\"Galicia una comunidad aut\u00f3noma en el noroeste de Espa\u00f1a. Esta hermosa parte de Espa\u00f1a, con sus exuberantes paisajes verdes y monta\u00f1osos, est\u00e1 salpicada de pueblos pintorescos, pero tambi\u00e9n tiene una costa impresionante y playas espectaculares frente al azul del Oc\u00e9ano Atl\u00e1ntico. La regi\u00f3n se divide en cuatro provincias: A Coru\u00f1a, Pontevedra, Lugo y Ourense. Cada uno tiene sus propios Monumentos Hist\u00f3ricos, Tradiciones Culturales, Cocina ...\" \/>\n<meta property=\"og:url\" content=\"https:\/\/galiciagreenspainproperty.com\/es\/galicia\/\" \/>\n<meta property=\"og:site_name\" content=\"Galicia &amp; Green Spain Relocation &amp; Property Services\" \/>\n<meta property=\"article:modified_time\" content=\"2022-05-15T11:56:44+00:00\" \/>\n<meta name=\"twitter:card\" content=\"summary_large_image\" \/>\n<meta name=\"twitter:label1\" content=\"Tiempo de lectura\" \/>\n\t<meta name=\"twitter:data1\" content=\"1 minuto\" \/>\n<script type=\"application\/ld+json\" class=\"yoast-schema-graph\">{\"@context\":\"https:\\\/\\\/schema.org\",\"@graph\":[{\"@type\":\"WebPage\",\"@id\":\"https:\\\/\\\/galiciagreenspainproperty.com\\\/es\\\/galicia\\\/\",\"url\":\"https:\\\/\\\/galiciagreenspainproperty.com\\\/es\\\/galicia\\\/\",\"name\":\"Galicia - Galicia &amp; Green Spain Relocation &amp; Property Services\",\"isPartOf\":{\"@id\":\"https:\\\/\\\/galiciagreenspainproperty.com\\\/es\\\/#website\"},\"datePublished\":\"2022-05-10T11:10:19+00:00\",\"dateModified\":\"2022-05-15T11:56:44+00:00\",\"breadcrumb\":{\"@id\":\"https:\\\/\\\/galiciagreenspainproperty.com\\\/es\\\/galicia\\\/#breadcrumb\"},\"inLanguage\":\"es\",\"potentialAction\":[{\"@type\":\"ReadAction\",\"target\":[\"https:\\\/\\\/galiciagreenspainproperty.com\\\/es\\\/galicia\\\/\"]}]},{\"@type\":\"BreadcrumbList\",\"@id\":\"https:\\\/\\\/galiciagreenspainproperty.com\\\/es\\\/galicia\\\/#breadcrumb\",\"itemListElement\":[{\"@type\":\"ListItem\",\"position\":1,\"name\":\"Home\",\"item\":\"https:\\\/\\\/galiciagreenspainproperty.com\\\/es\\\/\"},{\"@type\":\"ListItem\",\"position\":2,\"name\":\"Galicia\"}]},{\"@type\":\"WebSite\",\"@id\":\"https:\\\/\\\/galiciagreenspainproperty.com\\\/es\\\/#website\",\"url\":\"https:\\\/\\\/galiciagreenspainproperty.com\\\/es\\\/\",\"name\":\"Galicia &amp; Green Spain Relocation &amp; Property Services\",\"description\":\"Galicia &amp; Green Spain Relocation &amp; Property Services\",\"publisher\":{\"@id\":\"https:\\\/\\\/galiciagreenspainproperty.com\\\/es\\\/#organization\"},\"potentialAction\":[{\"@type\":\"SearchAction\",\"target\":{\"@type\":\"EntryPoint\",\"urlTemplate\":\"https:\\\/\\\/galiciagreenspainproperty.com\\\/es\\\/?s={search_term_string}\"},\"query-input\":{\"@type\":\"PropertyValueSpecification\",\"valueRequired\":true,\"valueName\":\"search_term_string\"}}],\"inLanguage\":\"es\"},{\"@type\":\"Organization\",\"@id\":\"https:\\\/\\\/galiciagreenspainproperty.com\\\/es\\\/#organization\",\"name\":\"Galicia Green Spain Property\",\"url\":\"https:\\\/\\\/galiciagreenspainproperty.com\\\/es\\\/\",\"logo\":{\"@type\":\"ImageObject\",\"inLanguage\":\"es\",\"@id\":\"https:\\\/\\\/galiciagreenspainproperty.com\\\/es\\\/#\\\/schema\\\/logo\\\/image\\\/\",\"url\":\"https:\\\/\\\/galiciagreenspainproperty.com\\\/wp-content\\\/uploads\\\/2022\\\/05\\\/gg-logo-white-background-150x132-1.jpg\",\"contentUrl\":\"https:\\\/\\\/galiciagreenspainproperty.com\\\/wp-content\\\/uploads\\\/2022\\\/05\\\/gg-logo-white-background-150x132-1.jpg\",\"width\":150,\"height\":132,\"caption\":\"Galicia Green Spain Property\"},\"image\":{\"@id\":\"https:\\\/\\\/galiciagreenspainproperty.com\\\/es\\\/#\\\/schema\\\/logo\\\/image\\\/\"}}]}<\/script>\n<!-- \/ Yoast SEO plugin. -->","yoast_head_json":{"title":"Galicia - Galicia &amp; Green Spain Relocation &amp; Property Services","robots":{"index":"index","follow":"follow","max-snippet":"max-snippet:-1","max-image-preview":"max-image-preview:large","max-video-preview":"max-video-preview:-1"},"canonical":"https:\/\/galiciagreenspainproperty.com\/es\/galicia\/","og_locale":"es_ES","og_type":"article","og_title":"Galicia - Galicia &amp; Green Spain Relocation &amp; Property Services","og_description":"Galicia una comunidad aut\u00f3noma en el noroeste de Espa\u00f1a. Esta hermosa parte de Espa\u00f1a, con sus exuberantes paisajes verdes y monta\u00f1osos, est\u00e1 salpicada de pueblos pintorescos, pero tambi\u00e9n tiene una costa impresionante y playas espectaculares frente al azul del Oc\u00e9ano Atl\u00e1ntico. La regi\u00f3n se divide en cuatro provincias: A Coru\u00f1a, Pontevedra, Lugo y Ourense. Cada uno tiene sus propios Monumentos Hist\u00f3ricos, Tradiciones Culturales, Cocina ...","og_url":"https:\/\/galiciagreenspainproperty.com\/es\/galicia\/","og_site_name":"Galicia &amp; Green Spain Relocation &amp; Property Services","article_modified_time":"2022-05-15T11:56:44+00:00","twitter_card":"summary_large_image","twitter_misc":{"Tiempo de lectura":"1 minuto"},"schema":{"@context":"https:\/\/schema.org","@graph":[{"@type":"WebPage","@id":"https:\/\/galiciagreenspainproperty.com\/es\/galicia\/","url":"https:\/\/galiciagreenspainproperty.com\/es\/galicia\/","name":"Galicia - Galicia &amp; Green Spain Relocation &amp; Property Services","isPartOf":{"@id":"https:\/\/galiciagreenspainproperty.com\/es\/#website"},"datePublished":"2022-05-10T11:10:19+00:00","dateModified":"2022-05-15T11:56:44+00:00","breadcrumb":{"@id":"https:\/\/galiciagreenspainproperty.com\/es\/galicia\/#breadcrumb"},"inLanguage":"es","potentialAction":[{"@type":"ReadAction","target":["https:\/\/galiciagreenspainproperty.com\/es\/galicia\/"]}]},{"@type":"BreadcrumbList","@id":"https:\/\/galiciagreenspainproperty.com\/es\/galicia\/#breadcrumb","itemListElement":[{"@type":"ListItem","position":1,"name":"Home","item":"https:\/\/galiciagreenspainproperty.com\/es\/"},{"@type":"ListItem","position":2,"name":"Galicia"}]},{"@type":"WebSite","@id":"https:\/\/galiciagreenspainproperty.com\/es\/#website","url":"https:\/\/galiciagreenspainproperty.com\/es\/","name":"Galicia &amp; Green Spain Relocation &amp; Property Services","description":"Galicia &amp; Green Spain Relocation &amp; Property Services","publisher":{"@id":"https:\/\/galiciagreenspainproperty.com\/es\/#organization"},"potentialAction":[{"@type":"SearchAction","target":{"@type":"EntryPoint","urlTemplate":"https:\/\/galiciagreenspainproperty.com\/es\/?s={search_term_string}"},"query-input":{"@type":"PropertyValueSpecification","valueRequired":true,"valueName":"search_term_string"}}],"inLanguage":"es"},{"@type":"Organization","@id":"https:\/\/galiciagreenspainproperty.com\/es\/#organization","name":"Galicia Green Spain Property","url":"https:\/\/galiciagreenspainproperty.com\/es\/","logo":{"@type":"ImageObject","inLanguage":"es","@id":"https:\/\/galiciagreenspainproperty.com\/es\/#\/schema\/logo\/image\/","url":"https:\/\/galiciagreenspainproperty.com\/wp-content\/uploads\/2022\/05\/gg-logo-white-background-150x132-1.jpg","contentUrl":"https:\/\/galiciagreenspainproperty.com\/wp-content\/uploads\/2022\/05\/gg-logo-white-background-150x132-1.jpg","width":150,"height":132,"caption":"Galicia Green Spain Property"},"image":{"@id":"https:\/\/galiciagreenspainproperty.com\/es\/#\/schema\/logo\/image\/"}}]}},"pbg_featured_image_src":{"full":false,"thumbnail":false,"medium":false,"medium_large":false,"large":false,"1536x1536":false,"2048x2048":false,"post-thumbnail":false,"user_picture_profile":false,"agent_picture_thumb":false,"blog_thumb":false,"blog_unit":false,"slider_thumb":false,"property_featured_sidebar":false,"property_listings":false,"property_full":false,"listing_full_slider":false,"listing_full_slider_1":false,"property_featured":false,"property_full_map":false,"widget_thumb":false,"user_thumb":false,"custom_slider_thumb":false,"post_thumbnail_size":false},"pbg_author_info":{"display_name":"bodaiz","author_link":"https:\/\/galiciagreenspainproperty.com\/es\/author\/bodaiz\/","author_img":false},"pbg_comment_info":" No Comments","pbg_excerpt":"Galicia una comunidad aut\u00f3noma en el noroeste de Espa\u00f1a. Esta hermosa parte de Espa\u00f1a, con sus exuberantes paisajes verdes y monta\u00f1osos, est\u00e1 salpicada de pueblos pintorescos, pero tambi\u00e9n tiene una costa impresionante y playas espectaculares frente al azul del Oc\u00e9ano Atl\u00e1ntico. La regi\u00f3n se divide en cuatro provincias: A Coru\u00f1a, Pontevedra, Lugo y Ourense. Cada&hellip;","_links":{"self":[{"href":"https:\/\/galiciagreenspainproperty.com\/es\/wp-json\/wp\/v2\/pages\/32990","targetHints":{"allow":["GET"]}}],"collection":[{"href":"https:\/\/galiciagreenspainproperty.com\/es\/wp-json\/wp\/v2\/pages"}],"about":[{"href":"https:\/\/galiciagreenspainproperty.com\/es\/wp-json\/wp\/v2\/types\/page"}],"author":[{"embeddable":true,"href":"https:\/\/galiciagreenspainproperty.com\/es\/wp-json\/wp\/v2\/users\/1"}],"replies":[{"embeddable":true,"href":"https:\/\/galiciagreenspainproperty.com\/es\/wp-json\/wp\/v2\/comments?post=32990"}],"version-history":[{"count":1,"href":"https:\/\/galiciagreenspainproperty.com\/es\/wp-json\/wp\/v2\/pages\/32990\/revisions"}],"predecessor-version":[{"id":32991,"href":"https:\/\/galiciagreenspainproperty.com\/es\/wp-json\/wp\/v2\/pages\/32990\/revisions\/32991"}],"wp:attachment":[{"href":"https:\/\/galiciagreenspainproperty.com\/es\/wp-json\/wp\/v2\/media?parent=32990"}],"curies":[{"name":"wp","href":"https:\/\/api.w.org\/{rel}","templated":true}]}}