{"id":32992,"date":"2022-05-10T14:13:12","date_gmt":"2022-05-10T12:13:12","guid":{"rendered":"https:\/\/galiciagreenspainproperty.com\/galicia\/lugo\/"},"modified":"2022-05-15T14:01:15","modified_gmt":"2022-05-15T12:01:15","slug":"lugo","status":"publish","type":"page","link":"https:\/\/galiciagreenspainproperty.com\/es\/galicia\/lugo\/","title":{"rendered":"Lugo"},"content":{"rendered":"\n<p>Situado en el norte de Espa\u00f1a, en el norte de la regi\u00f3n de Galicia. Su capital es la ciudad de Lugo, cuya muralla romana ha sido declarada Patrimonio de la Humanidad por la UNESCO.<\/p>\n\n<p>La provincia alberga paisajes de fuertes contrastes, y cuenta tanto con zonas monta\u00f1osas como con un litoral con maravillosas playas como Las Catedrales.<\/p>\n\n<p>El interior es el emplazamiento de la Reserva de la Biosfera Terra do Mi\u00f1o y parte de las reservas naturales del R\u00edo Eo, Osco y Terra de Bur\u00f3n y Ancares. La provincia tambi\u00e9n est\u00e1 en el Camino de Santiago<\/p>\n\n<p>(Santiago), que pasa por varios monasterios e iglesias rom\u00e1nicas de inter\u00e9s en su recorrido por la zona.<\/p>\n\n<p>La gastronom\u00eda lucense es especialmente conocida por el marisco, y por platos como el pulpo al piment\u00f3n y aceite de oliva, y el jam\u00f3n con grelos.<\/p>\n\n<p><strong><u>Todo lo que quieres saber: (Google)<\/u><\/strong><\/p>\n\n<p><strong><a href=\"https:\/\/perderelrumbo.com\/galicia\/lugo\/\" target=\"_blank\" rel=\"noreferrer noopener\">https:\/\/perderelrumbo.com\/galicia\/lugo\/<\/a><\/strong><\/p>\n\n<div class=\"wp-block-webfactory-map\"><div class=\"wp-block-webfactory-map\"><iframe width=\"100%\" height=\"300px\" src=\"https:\/\/www.google.com\/maps\/embed\/v1\/place?q=Lugo&amp;maptype=roadmap&amp;zoom=10&amp;key=AIzaSyAjyDspiPfzEfjRSS5fQzm-3jHFjHxeXB4\" frameborder=\"0\"><\/iframe><\/div><\/div>\n\n<h2 class=\"wp-block-heading\">Rias Altas<\/h2>\n\n<p>Las R\u00edas Altas son una de las zonas m\u00e1s bellas de la costa norte de Galicia, comprenden la parte norte de La Coru\u00f1a y toda la costa de la provincia de Lugo, limitando con Asturias al este y el Cabo Finisterre al sur. Aunque el clima tiende a ser m\u00e1s ventoso y fr\u00edo, la costa est\u00e1 pr\u00e1cticamente intacta, lo que le da una belleza natural de para\u00edso.<\/p>\n\n<p>Pueblos de Lugo R\u00edas Altas<\/p>\n\n<p>Foz, San Cipri\u00e1n ,Ribadeo, Rinlo, O Vicedo Burela, Cillero , Barreiros, Cervo, Vilar Auga Doce, San Cosme, Fazouro, Nois, Cangas, Viveiro. A Rochela<\/p>\n\n<figure class=\"wp-block-embed is-type-video is-provider-youtube wp-block-embed-youtube wp-embed-aspect-4-3 wp-has-aspect-ratio\"><div class=\"wp-block-embed__wrapper\">\n<div class=\"video-container\"><iframe title=\"Galicia - Rias Altas\" width=\"1200\" height=\"900\" src=\"https:\/\/www.youtube.com\/embed\/1aQskndk2fY?feature=oembed\" frameborder=\"0\" allow=\"accelerometer; autoplay; clipboard-write; encrypted-media; gyroscope; picture-in-picture\" allowfullscreen><\/iframe><\/div>\n<\/div><\/figure>\n\n<h3 class=\"wp-block-heading\">Burela<\/h3>\n\n<p>Burela es un peque\u00f1o puerto pesquero y pueblo que ha crecido tanto por su crecimiento en la industria pesquera como por la belleza de su litoral y sus hermosas playas sin olvidar su cocina local incre\u00edblemente fresca.<\/p>\n\n<figure class=\"wp-block-embed is-type-video is-provider-youtube wp-block-embed-youtube wp-embed-aspect-16-9 wp-has-aspect-ratio\"><div class=\"wp-block-embed__wrapper\">\n<div class=\"video-container\"><iframe title=\"PUEBLOS DE GALICIA   BURELA LUGO   HD\" width=\"1200\" height=\"675\" src=\"https:\/\/www.youtube.com\/embed\/w97oMjKGJ9Y?feature=oembed\" frameborder=\"0\" allow=\"accelerometer; autoplay; clipboard-write; encrypted-media; gyroscope; picture-in-picture\" allowfullscreen><\/iframe><\/div>\n<\/div><\/figure>\n\n<div class=\"wp-block-webfactory-map\"><div class=\"wp-block-webfactory-map\"><iframe width=\"100%\" height=\"300px\" src=\"https:\/\/www.google.com\/maps\/embed\/v1\/place?q=Burela&amp;maptype=roadmap&amp;zoom=10&amp;key=AIzaSyAjyDspiPfzEfjRSS5fQzm-3jHFjHxeXB4\" frameborder=\"0\"><\/iframe><\/div><\/div>\n\n<h2 class=\"wp-block-heading\">Ciudad de Lugo<\/h2>\n\n<figure class=\"wp-block-embed is-type-video is-provider-youtube wp-block-embed-youtube wp-embed-aspect-16-9 wp-has-aspect-ratio\"><div class=\"wp-block-embed__wrapper\">\n<div class=\"video-container\"><iframe title=\"LUGO\" width=\"1200\" height=\"675\" src=\"https:\/\/www.youtube.com\/embed\/FbmeHY9jF-8?feature=oembed\" frameborder=\"0\" allow=\"accelerometer; autoplay; clipboard-write; encrypted-media; gyroscope; picture-in-picture\" allowfullscreen><\/iframe><\/div>\n<\/div><\/figure>\n\n<h2 class=\"wp-block-heading\">Mondenedo<\/h2>\n\n<p>Situada en un amplio valle abierto al mar Cant\u00e1brico, Mondo\u00f1edo es una de las capitales m\u00e1s evocadoras del antiguo Reino de Galicia. Su casco hist\u00f3rico ha sido declarado Bien de Inter\u00e9s Cultural.<\/p>\n\n<p>La Catedral-Bas\u00edlica de la Asunci\u00f3n, monumento nacional, a\u00fan conserva la portada rom\u00e1nica original; otras caracter\u00edsticas incluyen un hermoso roset\u00f3n y torres barrocas. El crucero y la sacrist\u00eda fueron construidos posteriormente en estilo g\u00f3tico. El interior tambi\u00e9n presenta una yuxtaposici\u00f3n de estilos, con pinturas murales de los siglos XV y XVI, \u00f3rganos barrocos, siller\u00eda g\u00f3tica y renacentista y un retablo mayor de estilo rococ\u00f3. Alberga el museo catedralicio diocesano, uno de los museos de arte religioso m\u00e1s importantes de Espa\u00f1a.<\/p>\n\n<div class=\"wp-block-webfactory-map\"><div class=\"wp-block-webfactory-map\"><iframe width=\"100%\" height=\"300px\" src=\"https:\/\/www.google.com\/maps\/embed\/v1\/place?q=Mondenedo&amp;maptype=roadmap&amp;zoom=10&amp;key=AIzaSyAjyDspiPfzEfjRSS5fQzm-3jHFjHxeXB4\" frameborder=\"0\"><\/iframe><\/div><\/div>\n\n<h2 class=\"wp-block-heading\">Ribera Sacra<\/h2>\n\n<p><strong><u>Todo lo que quieres saber: (Google)<\/u><\/strong><strong><u><\/u><\/strong><\/p>\n\n<figure class=\"wp-block-embed is-type-wp-embed is-provider-perder-el-rumbo wp-block-embed-perder-el-rumbo\"><div class=\"wp-block-embed__wrapper\">\n<div class=\"video-container\"><blockquote class=\"wp-embedded-content\" data-secret=\"KUmgbztEIt\"><a href=\"https:\/\/perderelrumbo.com\/ribeira-sacra-que-ver-lugares-imprescindibles\/\">Ribeira Sacra. 15 lugares imprescindibles y espectaculares<\/a><\/blockquote><iframe class=\"wp-embedded-content\" sandbox=\"allow-scripts\" security=\"restricted\" style=\"position: absolute; clip: rect(1px, 1px, 1px, 1px);\" title=\"\u00abRibeira Sacra. 15 lugares imprescindibles y espectaculares\u00bb \u2014 Perder el Rumbo\" src=\"https:\/\/perderelrumbo.com\/ribeira-sacra-que-ver-lugares-imprescindibles\/embed\/#?secret=tiJIgVHD0T#?secret=KUmgbztEIt\" data-secret=\"KUmgbztEIt\" width=\"600\" height=\"338\" frameborder=\"0\" marginwidth=\"0\" marginheight=\"0\" scrolling=\"no\"><\/iframe><\/div>\n<\/div><\/figure>\n","protected":false},"excerpt":{"rendered":"<p>Situado en el norte de Espa\u00f1a, en el norte de la regi\u00f3n de Galicia. Su capital es la ciudad de Lugo, cuya muralla romana ha sido declarada Patrimonio de la Humanidad por la UNESCO. La provincia alberga paisajes de fuertes contrastes, y cuenta tanto con zonas monta\u00f1osas como con un litoral con maravillosas playas como Las Catedrales. El interior es el emplazamiento de la &#8230;<\/p>\n","protected":false},"author":1,"featured_media":32968,"parent":32990,"menu_order":0,"comment_status":"closed","ping_status":"closed","template":"","meta":{"content-type":"","inline_featured_image":false,"footnotes":""},"class_list":["post-32992","page","type-page","status-publish","has-post-thumbnail","hentry"],"yoast_head":"<!-- This site is optimized with the Yoast SEO plugin v27.3 - https:\/\/yoast.com\/product\/yoast-seo-wordpress\/ -->\n<title>Lugo - Galicia &amp; Green Spain Relocation &amp; Property Services<\/title>\n<meta name=\"robots\" content=\"index, follow, max-snippet:-1, max-image-preview:large, max-video-preview:-1\" \/>\n<link rel=\"canonical\" href=\"https:\/\/galiciagreenspainproperty.com\/es\/galicia\/lugo\/\" \/>\n<meta property=\"og:locale\" content=\"es_ES\" \/>\n<meta property=\"og:type\" content=\"article\" \/>\n<meta property=\"og:title\" content=\"Lugo - Galicia &amp; Green Spain Relocation &amp; Property Services\" \/>\n<meta property=\"og:description\" content=\"Situado en el norte de Espa\u00f1a, en el norte de la regi\u00f3n de Galicia. Su capital es la ciudad de Lugo, cuya muralla romana ha sido declarada Patrimonio de la Humanidad por la UNESCO. La provincia alberga paisajes de fuertes contrastes, y cuenta tanto con zonas monta\u00f1osas como con un litoral con maravillosas playas como Las Catedrales. El interior es el emplazamiento de la ...\" \/>\n<meta property=\"og:url\" content=\"https:\/\/galiciagreenspainproperty.com\/es\/galicia\/lugo\/\" \/>\n<meta property=\"og:site_name\" content=\"Galicia &amp; Green Spain Relocation &amp; Property Services\" \/>\n<meta property=\"article:modified_time\" content=\"2022-05-15T12:01:15+00:00\" \/>\n<meta property=\"og:image\" content=\"https:\/\/galiciagreenspainproperty.com\/wp-content\/uploads\/2022\/05\/majestic-landscape-of-the-ribeira-sacra-2021-08-26-17-02-05-utc.jpg\" \/>\n\t<meta property=\"og:image:width\" content=\"2000\" \/>\n\t<meta property=\"og:image:height\" content=\"1335\" \/>\n\t<meta property=\"og:image:type\" content=\"image\/jpeg\" \/>\n<meta name=\"twitter:card\" content=\"summary_large_image\" \/>\n<meta name=\"twitter:label1\" content=\"Tiempo de lectura\" \/>\n\t<meta name=\"twitter:data1\" content=\"2 minutos\" \/>\n<script type=\"application\/ld+json\" class=\"yoast-schema-graph\">{\"@context\":\"https:\\\/\\\/schema.org\",\"@graph\":[{\"@type\":\"WebPage\",\"@id\":\"https:\\\/\\\/galiciagreenspainproperty.com\\\/es\\\/galicia\\\/lugo\\\/\",\"url\":\"https:\\\/\\\/galiciagreenspainproperty.com\\\/es\\\/galicia\\\/lugo\\\/\",\"name\":\"Lugo - Galicia &amp; Green Spain Relocation &amp; Property Services\",\"isPartOf\":{\"@id\":\"https:\\\/\\\/galiciagreenspainproperty.com\\\/es\\\/#website\"},\"primaryImageOfPage\":{\"@id\":\"https:\\\/\\\/galiciagreenspainproperty.com\\\/es\\\/galicia\\\/lugo\\\/#primaryimage\"},\"image\":{\"@id\":\"https:\\\/\\\/galiciagreenspainproperty.com\\\/es\\\/galicia\\\/lugo\\\/#primaryimage\"},\"thumbnailUrl\":\"https:\\\/\\\/galiciagreenspainproperty.com\\\/wp-content\\\/uploads\\\/2022\\\/05\\\/majestic-landscape-of-the-ribeira-sacra-2021-08-26-17-02-05-utc.jpg\",\"datePublished\":\"2022-05-10T12:13:12+00:00\",\"dateModified\":\"2022-05-15T12:01:15+00:00\",\"breadcrumb\":{\"@id\":\"https:\\\/\\\/galiciagreenspainproperty.com\\\/es\\\/galicia\\\/lugo\\\/#breadcrumb\"},\"inLanguage\":\"es\",\"potentialAction\":[{\"@type\":\"ReadAction\",\"target\":[\"https:\\\/\\\/galiciagreenspainproperty.com\\\/es\\\/galicia\\\/lugo\\\/\"]}]},{\"@type\":\"ImageObject\",\"inLanguage\":\"es\",\"@id\":\"https:\\\/\\\/galiciagreenspainproperty.com\\\/es\\\/galicia\\\/lugo\\\/#primaryimage\",\"url\":\"https:\\\/\\\/galiciagreenspainproperty.com\\\/wp-content\\\/uploads\\\/2022\\\/05\\\/majestic-landscape-of-the-ribeira-sacra-2021-08-26-17-02-05-utc.jpg\",\"contentUrl\":\"https:\\\/\\\/galiciagreenspainproperty.com\\\/wp-content\\\/uploads\\\/2022\\\/05\\\/majestic-landscape-of-the-ribeira-sacra-2021-08-26-17-02-05-utc.jpg\",\"width\":2000,\"height\":1335},{\"@type\":\"BreadcrumbList\",\"@id\":\"https:\\\/\\\/galiciagreenspainproperty.com\\\/es\\\/galicia\\\/lugo\\\/#breadcrumb\",\"itemListElement\":[{\"@type\":\"ListItem\",\"position\":1,\"name\":\"Home\",\"item\":\"https:\\\/\\\/galiciagreenspainproperty.com\\\/es\\\/\"},{\"@type\":\"ListItem\",\"position\":2,\"name\":\"Galicia\",\"item\":\"https:\\\/\\\/galiciagreenspainproperty.com\\\/es\\\/galicia\\\/\"},{\"@type\":\"ListItem\",\"position\":3,\"name\":\"Lugo\"}]},{\"@type\":\"WebSite\",\"@id\":\"https:\\\/\\\/galiciagreenspainproperty.com\\\/es\\\/#website\",\"url\":\"https:\\\/\\\/galiciagreenspainproperty.com\\\/es\\\/\",\"name\":\"Galicia &amp; Green Spain Relocation &amp; Property Services\",\"description\":\"Galicia &amp; Green Spain Relocation &amp; Property Services\",\"publisher\":{\"@id\":\"https:\\\/\\\/galiciagreenspainproperty.com\\\/es\\\/#organization\"},\"potentialAction\":[{\"@type\":\"SearchAction\",\"target\":{\"@type\":\"EntryPoint\",\"urlTemplate\":\"https:\\\/\\\/galiciagreenspainproperty.com\\\/es\\\/?s={search_term_string}\"},\"query-input\":{\"@type\":\"PropertyValueSpecification\",\"valueRequired\":true,\"valueName\":\"search_term_string\"}}],\"inLanguage\":\"es\"},{\"@type\":\"Organization\",\"@id\":\"https:\\\/\\\/galiciagreenspainproperty.com\\\/es\\\/#organization\",\"name\":\"Galicia Green Spain Property\",\"url\":\"https:\\\/\\\/galiciagreenspainproperty.com\\\/es\\\/\",\"logo\":{\"@type\":\"ImageObject\",\"inLanguage\":\"es\",\"@id\":\"https:\\\/\\\/galiciagreenspainproperty.com\\\/es\\\/#\\\/schema\\\/logo\\\/image\\\/\",\"url\":\"https:\\\/\\\/galiciagreenspainproperty.com\\\/wp-content\\\/uploads\\\/2022\\\/05\\\/gg-logo-white-background-150x132-1.jpg\",\"contentUrl\":\"https:\\\/\\\/galiciagreenspainproperty.com\\\/wp-content\\\/uploads\\\/2022\\\/05\\\/gg-logo-white-background-150x132-1.jpg\",\"width\":150,\"height\":132,\"caption\":\"Galicia Green Spain Property\"},\"image\":{\"@id\":\"https:\\\/\\\/galiciagreenspainproperty.com\\\/es\\\/#\\\/schema\\\/logo\\\/image\\\/\"}}]}<\/script>\n<!-- \/ Yoast SEO plugin. -->","yoast_head_json":{"title":"Lugo - Galicia &amp; Green Spain Relocation &amp; Property Services","robots":{"index":"index","follow":"follow","max-snippet":"max-snippet:-1","max-image-preview":"max-image-preview:large","max-video-preview":"max-video-preview:-1"},"canonical":"https:\/\/galiciagreenspainproperty.com\/es\/galicia\/lugo\/","og_locale":"es_ES","og_type":"article","og_title":"Lugo - Galicia &amp; Green Spain Relocation &amp; Property Services","og_description":"Situado en el norte de Espa\u00f1a, en el norte de la regi\u00f3n de Galicia. Su capital es la ciudad de Lugo, cuya muralla romana ha sido declarada Patrimonio de la Humanidad por la UNESCO. La provincia alberga paisajes de fuertes contrastes, y cuenta tanto con zonas monta\u00f1osas como con un litoral con maravillosas playas como Las Catedrales. El interior es el emplazamiento de la ...","og_url":"https:\/\/galiciagreenspainproperty.com\/es\/galicia\/lugo\/","og_site_name":"Galicia &amp; Green Spain Relocation &amp; Property Services","article_modified_time":"2022-05-15T12:01:15+00:00","og_image":[{"width":2000,"height":1335,"url":"https:\/\/galiciagreenspainproperty.com\/wp-content\/uploads\/2022\/05\/majestic-landscape-of-the-ribeira-sacra-2021-08-26-17-02-05-utc.jpg","type":"image\/jpeg"}],"twitter_card":"summary_large_image","twitter_misc":{"Tiempo de lectura":"2 minutos"},"schema":{"@context":"https:\/\/schema.org","@graph":[{"@type":"WebPage","@id":"https:\/\/galiciagreenspainproperty.com\/es\/galicia\/lugo\/","url":"https:\/\/galiciagreenspainproperty.com\/es\/galicia\/lugo\/","name":"Lugo - Galicia &amp; Green Spain Relocation &amp; Property Services","isPartOf":{"@id":"https:\/\/galiciagreenspainproperty.com\/es\/#website"},"primaryImageOfPage":{"@id":"https:\/\/galiciagreenspainproperty.com\/es\/galicia\/lugo\/#primaryimage"},"image":{"@id":"https:\/\/galiciagreenspainproperty.com\/es\/galicia\/lugo\/#primaryimage"},"thumbnailUrl":"https:\/\/galiciagreenspainproperty.com\/wp-content\/uploads\/2022\/05\/majestic-landscape-of-the-ribeira-sacra-2021-08-26-17-02-05-utc.jpg","datePublished":"2022-05-10T12:13:12+00:00","dateModified":"2022-05-15T12:01:15+00:00","breadcrumb":{"@id":"https:\/\/galiciagreenspainproperty.com\/es\/galicia\/lugo\/#breadcrumb"},"inLanguage":"es","potentialAction":[{"@type":"ReadAction","target":["https:\/\/galiciagreenspainproperty.com\/es\/galicia\/lugo\/"]}]},{"@type":"ImageObject","inLanguage":"es","@id":"https:\/\/galiciagreenspainproperty.com\/es\/galicia\/lugo\/#primaryimage","url":"https:\/\/galiciagreenspainproperty.com\/wp-content\/uploads\/2022\/05\/majestic-landscape-of-the-ribeira-sacra-2021-08-26-17-02-05-utc.jpg","contentUrl":"https:\/\/galiciagreenspainproperty.com\/wp-content\/uploads\/2022\/05\/majestic-landscape-of-the-ribeira-sacra-2021-08-26-17-02-05-utc.jpg","width":2000,"height":1335},{"@type":"BreadcrumbList","@id":"https:\/\/galiciagreenspainproperty.com\/es\/galicia\/lugo\/#breadcrumb","itemListElement":[{"@type":"ListItem","position":1,"name":"Home","item":"https:\/\/galiciagreenspainproperty.com\/es\/"},{"@type":"ListItem","position":2,"name":"Galicia","item":"https:\/\/galiciagreenspainproperty.com\/es\/galicia\/"},{"@type":"ListItem","position":3,"name":"Lugo"}]},{"@type":"WebSite","@id":"https:\/\/galiciagreenspainproperty.com\/es\/#website","url":"https:\/\/galiciagreenspainproperty.com\/es\/","name":"Galicia &amp; Green Spain Relocation &amp; Property Services","description":"Galicia &amp; Green Spain Relocation &amp; Property Services","publisher":{"@id":"https:\/\/galiciagreenspainproperty.com\/es\/#organization"},"potentialAction":[{"@type":"SearchAction","target":{"@type":"EntryPoint","urlTemplate":"https:\/\/galiciagreenspainproperty.com\/es\/?s={search_term_string}"},"query-input":{"@type":"PropertyValueSpecification","valueRequired":true,"valueName":"search_term_string"}}],"inLanguage":"es"},{"@type":"Organization","@id":"https:\/\/galiciagreenspainproperty.com\/es\/#organization","name":"Galicia Green Spain Property","url":"https:\/\/galiciagreenspainproperty.com\/es\/","logo":{"@type":"ImageObject","inLanguage":"es","@id":"https:\/\/galiciagreenspainproperty.com\/es\/#\/schema\/logo\/image\/","url":"https:\/\/galiciagreenspainproperty.com\/wp-content\/uploads\/2022\/05\/gg-logo-white-background-150x132-1.jpg","contentUrl":"https:\/\/galiciagreenspainproperty.com\/wp-content\/uploads\/2022\/05\/gg-logo-white-background-150x132-1.jpg","width":150,"height":132,"caption":"Galicia Green Spain Property"},"image":{"@id":"https:\/\/galiciagreenspainproperty.com\/es\/#\/schema\/logo\/image\/"}}]}},"pbg_featured_image_src":{"full":["https:\/\/galiciagreenspainproperty.com\/wp-content\/uploads\/2022\/05\/majestic-landscape-of-the-ribeira-sacra-2021-08-26-17-02-05-utc.jpg",2000,1335,false],"thumbnail":["https:\/\/galiciagreenspainproperty.com\/wp-content\/uploads\/2022\/05\/majestic-landscape-of-the-ribeira-sacra-2021-08-26-17-02-05-utc-150x150.jpg",150,150,true],"medium":["https:\/\/galiciagreenspainproperty.com\/wp-content\/uploads\/2022\/05\/majestic-landscape-of-the-ribeira-sacra-2021-08-26-17-02-05-utc-300x200.jpg",300,200,true],"medium_large":["https:\/\/galiciagreenspainproperty.com\/wp-content\/uploads\/2022\/05\/majestic-landscape-of-the-ribeira-sacra-2021-08-26-17-02-05-utc-768x513.jpg",768,513,true],"large":["https:\/\/galiciagreenspainproperty.com\/wp-content\/uploads\/2022\/05\/majestic-landscape-of-the-ribeira-sacra-2021-08-26-17-02-05-utc-1024x684.jpg",1024,684,true],"1536x1536":["https:\/\/galiciagreenspainproperty.com\/wp-content\/uploads\/2022\/05\/majestic-landscape-of-the-ribeira-sacra-2021-08-26-17-02-05-utc-1536x1025.jpg",1536,1025,true],"2048x2048":["https:\/\/galiciagreenspainproperty.com\/wp-content\/uploads\/2022\/05\/majestic-landscape-of-the-ribeira-sacra-2021-08-26-17-02-05-utc.jpg",2000,1335,false],"post-thumbnail":["https:\/\/galiciagreenspainproperty.com\/wp-content\/uploads\/2022\/05\/majestic-landscape-of-the-ribeira-sacra-2021-08-26-17-02-05-utc-250x220.jpg",250,220,true],"user_picture_profile":["https:\/\/galiciagreenspainproperty.com\/wp-content\/uploads\/2022\/05\/majestic-landscape-of-the-ribeira-sacra-2021-08-26-17-02-05-utc-255x143.jpg",255,143,true],"agent_picture_thumb":["https:\/\/galiciagreenspainproperty.com\/wp-content\/uploads\/2022\/05\/majestic-landscape-of-the-ribeira-sacra-2021-08-26-17-02-05-utc-120x120.jpg",120,120,true],"blog_thumb":["https:\/\/galiciagreenspainproperty.com\/wp-content\/uploads\/2022\/05\/majestic-landscape-of-the-ribeira-sacra-2021-08-26-17-02-05-utc-272x189.jpg",272,189,true],"blog_unit":["https:\/\/galiciagreenspainproperty.com\/wp-content\/uploads\/2022\/05\/majestic-landscape-of-the-ribeira-sacra-2021-08-26-17-02-05-utc-1110x385.jpg",1110,385,true],"slider_thumb":["https:\/\/galiciagreenspainproperty.com\/wp-content\/uploads\/2022\/05\/majestic-landscape-of-the-ribeira-sacra-2021-08-26-17-02-05-utc-143x83.jpg",143,83,true],"property_featured_sidebar":["https:\/\/galiciagreenspainproperty.com\/wp-content\/uploads\/2022\/05\/majestic-landscape-of-the-ribeira-sacra-2021-08-26-17-02-05-utc-768x662.jpg",768,662,true],"property_listings":["https:\/\/galiciagreenspainproperty.com\/wp-content\/uploads\/2022\/05\/majestic-landscape-of-the-ribeira-sacra-2021-08-26-17-02-05-utc-525x328.jpg",525,328,true],"property_full":["https:\/\/galiciagreenspainproperty.com\/wp-content\/uploads\/2022\/05\/majestic-landscape-of-the-ribeira-sacra-2021-08-26-17-02-05-utc-980x777.jpg",980,777,true],"listing_full_slider":["https:\/\/galiciagreenspainproperty.com\/wp-content\/uploads\/2022\/05\/majestic-landscape-of-the-ribeira-sacra-2021-08-26-17-02-05-utc-835x467.jpg",835,467,true],"listing_full_slider_1":["https:\/\/galiciagreenspainproperty.com\/wp-content\/uploads\/2022\/05\/majestic-landscape-of-the-ribeira-sacra-2021-08-26-17-02-05-utc-1110x623.jpg",1110,623,true],"property_featured":["https:\/\/galiciagreenspainproperty.com\/wp-content\/uploads\/2022\/05\/majestic-landscape-of-the-ribeira-sacra-2021-08-26-17-02-05-utc-940x390.jpg",940,390,true],"property_full_map":["https:\/\/galiciagreenspainproperty.com\/wp-content\/uploads\/2022\/05\/majestic-landscape-of-the-ribeira-sacra-2021-08-26-17-02-05-utc-1920x790.jpg",1920,790,true],"widget_thumb":["https:\/\/galiciagreenspainproperty.com\/wp-content\/uploads\/2022\/05\/majestic-landscape-of-the-ribeira-sacra-2021-08-26-17-02-05-utc-105x70.jpg",105,70,true],"user_thumb":["https:\/\/galiciagreenspainproperty.com\/wp-content\/uploads\/2022\/05\/majestic-landscape-of-the-ribeira-sacra-2021-08-26-17-02-05-utc-45x45.jpg",45,45,true],"custom_slider_thumb":["https:\/\/galiciagreenspainproperty.com\/wp-content\/uploads\/2022\/05\/majestic-landscape-of-the-ribeira-sacra-2021-08-26-17-02-05-utc-36x36.jpg",36,36,true],"post_thumbnail_size":["https:\/\/galiciagreenspainproperty.com\/wp-content\/uploads\/2022\/05\/majestic-landscape-of-the-ribeira-sacra-2021-08-26-17-02-05-utc.jpg",250,167,false]},"pbg_author_info":{"display_name":"bodaiz","author_link":"https:\/\/galiciagreenspainproperty.com\/es\/author\/bodaiz\/","author_img":false},"pbg_comment_info":" No Comments","pbg_excerpt":"Situado en el norte de Espa\u00f1a, en el norte de la regi\u00f3n de Galicia. Su capital es la ciudad de Lugo, cuya muralla romana ha sido declarada Patrimonio de la Humanidad por la UNESCO. La provincia alberga paisajes de fuertes contrastes, y cuenta tanto con zonas monta\u00f1osas como con un litoral con maravillosas playas como&hellip;","_links":{"self":[{"href":"https:\/\/galiciagreenspainproperty.com\/es\/wp-json\/wp\/v2\/pages\/32992","targetHints":{"allow":["GET"]}}],"collection":[{"href":"https:\/\/galiciagreenspainproperty.com\/es\/wp-json\/wp\/v2\/pages"}],"about":[{"href":"https:\/\/galiciagreenspainproperty.com\/es\/wp-json\/wp\/v2\/types\/page"}],"author":[{"embeddable":true,"href":"https:\/\/galiciagreenspainproperty.com\/es\/wp-json\/wp\/v2\/users\/1"}],"replies":[{"embeddable":true,"href":"https:\/\/galiciagreenspainproperty.com\/es\/wp-json\/wp\/v2\/comments?post=32992"}],"version-history":[{"count":1,"href":"https:\/\/galiciagreenspainproperty.com\/es\/wp-json\/wp\/v2\/pages\/32992\/revisions"}],"predecessor-version":[{"id":32993,"href":"https:\/\/galiciagreenspainproperty.com\/es\/wp-json\/wp\/v2\/pages\/32992\/revisions\/32993"}],"up":[{"embeddable":true,"href":"https:\/\/galiciagreenspainproperty.com\/es\/wp-json\/wp\/v2\/pages\/32990"}],"wp:featuredmedia":[{"embeddable":true,"href":"https:\/\/galiciagreenspainproperty.com\/es\/wp-json\/wp\/v2\/media\/32968"}],"wp:attachment":[{"href":"https:\/\/galiciagreenspainproperty.com\/es\/wp-json\/wp\/v2\/media?parent=32992"}],"curies":[{"name":"wp","href":"https:\/\/api.w.org\/{rel}","templated":true}]}}